{"id":921,"date":"2022-08-18T12:01:32","date_gmt":"2022-08-18T10:01:32","guid":{"rendered":"https:\/\/dialog-group.eu\/?page_id=921"},"modified":"2024-06-27T13:59:44","modified_gmt":"2024-06-27T11:59:44","slug":"prijavi-se","status":"publish","type":"page","link":"https:\/\/dialog-group.eu\/english\/hrv\/prijavi-se\/","title":{"rendered":"Apply"},"content":{"rendered":"<p>[et_pb_section fb_built=&#8221;1&#8243; _builder_version=&#8221;4.18.0&#8243; _module_preset=&#8221;default&#8221; global_colors_info=&#8221;{}&#8221;][et_pb_row _builder_version=&#8221;4.18.0&#8243; _module_preset=&#8221;default&#8221; animation_style=&#8221;slide&#8221; animation_direction=&#8221;left&#8221; animation_duration=&#8221;1500ms&#8221; global_colors_info=&#8221;{}&#8221;][et_pb_column type=&#8221;4_4&#8243; _builder_version=&#8221;4.16&#8243; _module_preset=&#8221;default&#8221; global_colors_info=&#8221;{}&#8221;][et_pb_text _builder_version=&#8221;4.18.0&#8243; _module_preset=&#8221;b3e3ff14-5f5c-4608-8ecf-1885ce3da7aa&#8221; header_font=&#8221;Poppins|700|||||||&#8221; header_text_color=&#8221;#333333&#8243; header_font_size=&#8221;140px&#8221; custom_margin=&#8221;||10px||false|false&#8221; header_font_size_tablet=&#8221;56px&#8221; header_font_size_phone=&#8221;32px&#8221; header_font_size_last_edited=&#8221;on|phone&#8221; global_colors_info=&#8221;{}&#8221;]<\/p>\n<h1>Prijavi se<\/h1>\n<p>[\/et_pb_text][et_pb_divider divider_weight=&#8221;8px&#8221; _builder_version=&#8221;4.17.6&#8243; _module_preset=&#8221;default&#8221; width=&#8221;24%&#8221; global_colors_info=&#8221;{}&#8221;][\/et_pb_divider][\/et_pb_column][\/et_pb_row][\/et_pb_section][et_pb_section fb_built=&#8221;1&#8243; _builder_version=&#8221;4.18.0&#8243; _module_preset=&#8221;default&#8221; global_colors_info=&#8221;{}&#8221;][et_pb_row _builder_version=&#8221;4.18.0&#8243; _module_preset=&#8221;default&#8221; custom_padding=&#8221;45px|40px|45px|40px|true|true&#8221; animation_style=&#8221;slide&#8221; animation_duration=&#8221;1650ms&#8221; border_radii=&#8221;on|32px|32px|32px|32px&#8221; border_width_all=&#8221;3px&#8221; border_color_all=&#8221;#6D2468&#8243; global_colors_info=&#8221;{}&#8221;][et_pb_column type=&#8221;4_4&#8243; _builder_version=&#8221;4.18.0&#8243; _module_preset=&#8221;default&#8221; global_colors_info=&#8221;{}&#8221;][et_pb_text _builder_version=&#8221;4.25.1&#8243; _module_preset=&#8221;default&#8221; text_font_size=&#8221;24px&#8221; hover_enabled=&#8221;0&#8243; global_colors_info=&#8221;{}&#8221; sticky_enabled=&#8221;0&#8243;]<\/p>\n<p>U nastavku klikom na &#8220;\u00d6SD ispiti&#8221; ili &#8220;Strani jezici&#8221; mo\u017eete pristupiti obrascima za prijavu.<\/p>\n<p>Prije ispunjavanja obrazaca pro\u010ditajte <a href=\"https:\/\/dialog-group.eu\/terms-and-conditions\/\"><em>Uvjete poslovanja.<\/em><\/a><\/p>\n<p>[\/et_pb_text][\/et_pb_column][\/et_pb_row][et_pb_row column_structure=&#8221;1_2,1_2&#8243; _builder_version=&#8221;4.18.0&#8243; _module_preset=&#8221;default&#8221; custom_padding=&#8221;138px|||||&#8221; animation_style=&#8221;bounce&#8221; global_colors_info=&#8221;{}&#8221;][et_pb_column type=&#8221;1_2&#8243; _builder_version=&#8221;4.18.0&#8243; _module_preset=&#8221;default&#8221; global_colors_info=&#8221;{}&#8221;][et_pb_icon font_icon=&#8221;&#x68;||divi||400&#8243; _builder_version=&#8221;4.18.0&#8243; _module_preset=&#8221;default&#8221; global_colors_info=&#8221;{}&#8221;][\/et_pb_icon][et_pb_text _builder_version=&#8221;4.18.0&#8243; _module_preset=&#8221;default&#8221; text_text_color=&#8221;#6D2468&#8243; text_font_size=&#8221;36px&#8221; global_colors_info=&#8221;{}&#8221;]<\/p>\n<p style=\"text-align: center;\">OBRAZAC<\/p>\n<p>[\/et_pb_text][et_pb_button button_url=&#8221;@ET-DC@eyJkeW5hbWljIjp0cnVlLCJjb250ZW50IjoicG9zdF9saW5rX3VybF9wYWdlIiwic2V0dGluZ3MiOnsicG9zdF9pZCI6IjExMzAifX0=@&#8221; button_text=&#8221;\u00d6SD ispiti&#8221; button_alignment=&#8221;center&#8221; _builder_version=&#8221;4.24.2&#8243; _dynamic_attributes=&#8221;button_url&#8221; _module_preset=&#8221;default&#8221; custom_button=&#8221;on&#8221; button_text_size=&#8221;39px&#8221; button_text_color=&#8221;#FFFFFF&#8221; button_bg_color=&#8221;#6D2468&#8243; button_border_width=&#8221;1px&#8221; button_border_color=&#8221;#6D2468&#8243; button_border_radius=&#8221;50px&#8221; button_letter_spacing=&#8221;0px&#8221; button_font=&#8221;Poppins|600|||||||&#8221; button_icon=&#8221;&#x24;||divi||400&#8243; background_layout=&#8221;dark&#8221; global_colors_info=&#8221;{}&#8221; button_text_color__hover_enabled=&#8221;on|hover&#8221; button_text_color__hover=&#8221;#6D2468&#8243; button_bg_color__hover_enabled=&#8221;on|desktop&#8221; button_bg_color__hover=&#8221;#FFFFFF&#8221; button_bg_enable_color__hover=&#8221;on&#8221;][\/et_pb_button][\/et_pb_column][et_pb_column type=&#8221;1_2&#8243; _builder_version=&#8221;4.18.0&#8243; _module_preset=&#8221;default&#8221; global_colors_info=&#8221;{}&#8221;][et_pb_icon font_icon=&#8221;&#x68;||divi||400&#8243; _builder_version=&#8221;4.18.0&#8243; _module_preset=&#8221;default&#8221; global_colors_info=&#8221;{}&#8221;][\/et_pb_icon][et_pb_text _builder_version=&#8221;4.18.0&#8243; _module_preset=&#8221;default&#8221; text_text_color=&#8221;#6D2468&#8243; text_font_size=&#8221;36px&#8221; global_colors_info=&#8221;{}&#8221;]<\/p>\n<p style=\"text-align: center;\">OBRAZAC<\/p>\n<p>[\/et_pb_text][et_pb_button button_url=&#8221;https:\/\/dialog-group.eu\/obrazac-strani-jezici\/&#8221; button_text=&#8221;Strani jezici&#8221; button_alignment=&#8221;center&#8221; _builder_version=&#8221;4.18.0&#8243; _module_preset=&#8221;default&#8221; custom_button=&#8221;on&#8221; button_text_size=&#8221;39px&#8221; button_text_color=&#8221;#FFFFFF&#8221; button_bg_color=&#8221;#6D2468&#8243; button_border_width=&#8221;1px&#8221; button_border_color=&#8221;#6D2468&#8243; button_border_radius=&#8221;50px&#8221; button_letter_spacing=&#8221;0px&#8221; button_font=&#8221;Poppins|600|||||||&#8221; button_icon=&#8221;&#x24;||divi||400&#8243; background_layout=&#8221;dark&#8221; global_colors_info=&#8221;{}&#8221; button_text_color__hover_enabled=&#8221;on|hover&#8221; button_text_color__hover=&#8221;#6D2468&#8243; button_bg_color__hover_enabled=&#8221;on|desktop&#8221; button_bg_color__hover=&#8221;#FFFFFF&#8221; button_bg_enable_color__hover=&#8221;on&#8221;][\/et_pb_button][\/et_pb_column][\/et_pb_row][\/et_pb_section][et_pb_section fb_built=&#8221;1&#8243; admin_label=&#8221;CTA&#8221; _builder_version=&#8221;4.24.2&#8243; _module_preset=&#8221;default&#8221; background_color=&#8221;RGBA(255,255,255,0)&#8221; top_divider_style=&#8221;slant2&#8243; top_divider_color=&#8221;#333333&#8243; top_divider_height=&#8221;87px&#8221; top_divider_flip=&#8221;horizontal&#8221; locked=&#8221;off&#8221; global_colors_info=&#8221;{}&#8221;][et_pb_row column_structure=&#8221;1_2,1_2&#8243; _builder_version=&#8221;4.17.6&#8243; _module_preset=&#8221;default&#8221; global_colors_info=&#8221;{}&#8221;][et_pb_column type=&#8221;1_2&#8243; _builder_version=&#8221;4.16&#8243; _module_preset=&#8221;default&#8221; global_colors_info=&#8221;{}&#8221;][et_pb_image src=&#8221;https:\/\/dialog-group.eu\/wp-content\/uploads\/2022\/08\/quino-al-xhGMQ_nYWqU-unsplash-transformed-transformed.png&#8221; alt=&#8221;kontakt o nama dialog eu dialog3&#8243; title_text=&#8221;kontakt o nama dialog eu dialog3&#8243; _builder_version=&#8221;4.18.0&#8243; _module_preset=&#8221;default&#8221; global_colors_info=&#8221;{}&#8221;][\/et_pb_image][et_pb_text _builder_version=&#8221;4.18.0&#8243; _module_preset=&#8221;5272019c-99d9-4e27-9232-9f96d210ee65&#8243; text_font=&#8221;Poppins||||||||&#8221; header_font=&#8221;||||||||&#8221; header_4_font=&#8221;Poppins|700||on|||||&#8221; header_4_text_color=&#8221;#333333&#8243; header_4_letter_spacing=&#8221;2px&#8221; header_4_line_height=&#8221;1.4em&#8221; background_color=&#8221;RGBA(255,255,255,0)&#8221; custom_margin=&#8221;||0px||false|false&#8221; header_font_size_tablet=&#8221;40px&#8221; header_font_size_phone=&#8221;24px&#8221; header_font_size_last_edited=&#8221;off|desktop&#8221; header_4_font_size_tablet=&#8221;16px&#8221; header_4_font_size_phone=&#8221;14px&#8221; header_4_font_size_last_edited=&#8221;on|phone&#8221; locked=&#8221;off&#8221; global_colors_info=&#8221;{}&#8221;]<\/p>\n<h4 style=\"text-align: center;\">Nazovite nas<\/h4>\n<p>[\/et_pb_text][et_pb_text _builder_version=&#8221;4.18.0&#8243; _module_preset=&#8221;default&#8221; text_font=&#8221;Work Sans|900|||||||&#8221; text_text_color=&#8221;#333333&#8243; text_font_size=&#8221;42px&#8221; text_line_height=&#8221;1.2em&#8221; text_font_size_tablet=&#8221;30px&#8221; text_font_size_phone=&#8221;20px&#8221; text_font_size_last_edited=&#8221;on|phone&#8221; locked=&#8221;off&#8221; global_colors_info=&#8221;{%22gcid-673606d1-acdb-41d1-b931-45c5d4c48493%22:%91%22text_text_color%22%93}&#8221;]<\/p>\n<p style=\"text-align: center;\">031\/200-966<\/p>\n<p style=\"text-align: center;\">098\/134-0882<\/p>\n<p>[\/et_pb_text][\/et_pb_column][et_pb_column type=&#8221;1_2&#8243; _builder_version=&#8221;4.16&#8243; _module_preset=&#8221;default&#8221; custom_padding=&#8221;50px||||false|false&#8221; custom_padding_tablet=&#8221;&#8221; custom_padding_phone=&#8221;30px||||false|false&#8221; custom_padding_last_edited=&#8221;on|phone&#8221; global_colors_info=&#8221;{}&#8221;][et_pb_text _builder_version=&#8221;4.18.0&#8243; _module_preset=&#8221;90865f4d-2cce-42a7-b40e-d3fbad25605a&#8221; header_2_font=&#8221;Poppins|700|||||||&#8221; header_2_text_color=&#8221;#333333&#8243; header_2_font_size=&#8221;48px&#8221; custom_margin=&#8221;||10px||false|false&#8221; header_2_font_size_tablet=&#8221;30px&#8221; header_2_font_size_phone=&#8221;24px&#8221; header_2_font_size_last_edited=&#8221;on|phone&#8221; locked=&#8221;off&#8221; global_colors_info=&#8221;{}&#8221;]<\/p>\n<h2>Kontaktirajte s nama<\/h2>\n<p>[\/et_pb_text][et_pb_divider color=&#8221;#6D2468&#8243; divider_weight=&#8221;5px&#8221; _builder_version=&#8221;4.17.6&#8243; _module_preset=&#8221;default&#8221; max_width=&#8221;50px&#8221; locked=&#8221;off&#8221; global_colors_info=&#8221;{}&#8221;][\/et_pb_divider][et_pb_contact_form email=&#8221;valentinoos@outlook.com&#8221; success_message=&#8221;Hvala na upitu! Javit \u0107emo Vam se u \u0161to kra\u0107em roku.&#8221; submit_button_text=&#8221;Po\u0161alji&#8221; _builder_version=&#8221;4.18.0&#8243; _module_preset=&#8221;default&#8221; _unique_id=&#8221;e7edb1c8-1949-431b-9e9c-64235a8685d9&#8243; form_field_background_color=&#8221;RGBA(255,255,255,0)&#8221; title_text_align=&#8221;center&#8221; title_text_color=&#8221;#8E4C7E&#8221; title_line_height=&#8221;1.6em&#8221; form_field_font=&#8221;Poppins||||||||&#8221; custom_button=&#8221;on&#8221; button_text_color=&#8221;#FFFFFF&#8221; button_bg_color=&#8221;#6D2468&#8243; button_border_radius=&#8221;87px&#8221; custom_margin=&#8221;29px||||false|false&#8221; custom_padding=&#8221;0px|0px|0px|0px|true|true&#8221; border_radii=&#8221;on|10px|10px|10px|10px&#8221; border_width_all=&#8221;2px&#8221; border_color_all=&#8221;#6D2468&#8243; global_colors_info=&#8221;{}&#8221;][et_pb_contact_field field_id=&#8221;Ime&#8221; field_title=&#8221;Ime i prezime&#8221; fullwidth_field=&#8221;on&#8221; _builder_version=&#8221;4.17.6&#8243; _module_preset=&#8221;default&#8221; global_colors_info=&#8221;{}&#8221;][\/et_pb_contact_field][et_pb_contact_field field_id=&#8221;Email_Adresa&#8221; field_title=&#8221;Email Adresa&#8221; fullwidth_field=&#8221;on&#8221; _builder_version=&#8221;4.17.6&#8243; _module_preset=&#8221;default&#8221; custom_margin=&#8221;||37px||false|false&#8221; global_colors_info=&#8221;{}&#8221;][\/et_pb_contact_field][et_pb_contact_field field_id=&#8221;Opis&#8221; field_title=&#8221;Opis&#8221; field_type=&#8221;text&#8221; fullwidth_field=&#8221;on&#8221; _builder_version=&#8221;4.18.0&#8243; _module_preset=&#8221;default&#8221; custom_margin=&#8221;-21px||48px||false|false&#8221; global_colors_info=&#8221;{}&#8221;][\/et_pb_contact_field][\/et_pb_contact_form][\/et_pb_column][\/et_pb_row][\/et_pb_section]<\/p>\n","protected":false},"excerpt":{"rendered":"<p>Prijavi seU nastavku klikom na &#8220;\u00d6SD ispiti&#8221; ili &#8220;Strani jezici&#8221; mo\u017eete pristupiti obrascima za prijavu. Prije ispunjavanja obrazaca pro\u010ditajte Uvjete poslovanja.OBRAZACOBRAZACNazovite nas031\/200-966 098\/134-0882Kontaktirajte s nama<\/p>","protected":false},"author":2,"featured_media":0,"parent":20,"menu_order":15,"comment_status":"closed","ping_status":"closed","template":"","meta":{"_et_pb_use_builder":"on","_et_pb_old_content":"","_et_gb_content_width":"","footnotes":""},"categories":[],"tags":[],"class_list":["post-921","page","type-page","status-publish","hentry"],"_links":{"self":[{"href":"https:\/\/dialog-group.eu\/english\/wp-json\/wp\/v2\/pages\/921","targetHints":{"allow":["GET"]}}],"collection":[{"href":"https:\/\/dialog-group.eu\/english\/wp-json\/wp\/v2\/pages"}],"about":[{"href":"https:\/\/dialog-group.eu\/english\/wp-json\/wp\/v2\/types\/page"}],"author":[{"embeddable":true,"href":"https:\/\/dialog-group.eu\/english\/wp-json\/wp\/v2\/users\/2"}],"replies":[{"embeddable":true,"href":"https:\/\/dialog-group.eu\/english\/wp-json\/wp\/v2\/comments?post=921"}],"version-history":[{"count":25,"href":"https:\/\/dialog-group.eu\/english\/wp-json\/wp\/v2\/pages\/921\/revisions"}],"predecessor-version":[{"id":4832,"href":"https:\/\/dialog-group.eu\/english\/wp-json\/wp\/v2\/pages\/921\/revisions\/4832"}],"up":[{"embeddable":true,"href":"https:\/\/dialog-group.eu\/english\/wp-json\/wp\/v2\/pages\/20"}],"wp:attachment":[{"href":"https:\/\/dialog-group.eu\/english\/wp-json\/wp\/v2\/media?parent=921"}],"wp:term":[{"taxonomy":"category","embeddable":true,"href":"https:\/\/dialog-group.eu\/english\/wp-json\/wp\/v2\/categories?post=921"},{"taxonomy":"post_tag","embeddable":true,"href":"https:\/\/dialog-group.eu\/english\/wp-json\/wp\/v2\/tags?post=921"}],"curies":[{"name":"wp","href":"https:\/\/api.w.org\/{rel}","templated":true}]}}