{"id":650,"date":"2022-08-16T13:27:54","date_gmt":"2022-08-16T11:27:54","guid":{"rendered":"https:\/\/dialog-group.eu\/?page_id=650"},"modified":"2025-03-06T12:16:52","modified_gmt":"2025-03-06T11:16:52","slug":"ispitni-red","status":"publish","type":"page","link":"https:\/\/dialog-group.eu\/english\/hrv\/ispitni-red\/","title":{"rendered":"\u00d6SD exam regulations"},"content":{"rendered":"<p>[et_pb_section fb_built=&#8221;1&#8243; disabled_on=&#8221;off|off|on&#8221; _builder_version=&#8221;4.18.0&#8243; _module_preset=&#8221;default&#8221; global_colors_info=&#8221;{}&#8221;][et_pb_row _builder_version=&#8221;4.20.2&#8243; _module_preset=&#8221;default&#8221; global_colors_info=&#8221;{}&#8221;][et_pb_column type=&#8221;4_4&#8243; _builder_version=&#8221;4.18.0&#8243; _module_preset=&#8221;default&#8221; global_colors_info=&#8221;{}&#8221;][et_pb_text _builder_version=&#8221;4.18.0&#8243; _module_preset=&#8221;b3e3ff14-5f5c-4608-8ecf-1885ce3da7aa&#8221; header_font=&#8221;|700|||||||&#8221; header_text_color=&#8221;#333333&#8243; header_font_size=&#8221;100px&#8221; custom_margin=&#8221;|-339px|10px||false|false&#8221; custom_padding=&#8221;|28px||||&#8221; header_font_size_tablet=&#8221;56px&#8221; header_font_size_phone=&#8221;51px&#8221; header_font_size_last_edited=&#8221;on|phone&#8221; global_colors_info=&#8221;{}&#8221;]<\/p>\n<h1>\u00d6SD ispiti<\/h1>\n<h1><span style=\"color: #6d2468;\">ISPITNI RED<\/span><\/h1>\n<p>[\/et_pb_text][\/et_pb_column][\/et_pb_row][\/et_pb_section][et_pb_section fb_built=&#8221;1&#8243; disabled_on=&#8221;on|on|off&#8221; _builder_version=&#8221;4.25.1&#8243; _module_preset=&#8221;default&#8221; custom_margin=&#8221;||-141px||false|false&#8221; locked=&#8221;off&#8221; global_colors_info=&#8221;{}&#8221;][et_pb_row _builder_version=&#8221;4.20.2&#8243; _module_preset=&#8221;default&#8221; width=&#8221;100%&#8221; min_height=&#8221;269.4px&#8221; animation_direction=&#8221;left&#8221; global_colors_info=&#8221;{}&#8221;][et_pb_column type=&#8221;4_4&#8243; _builder_version=&#8221;4.16&#8243; _module_preset=&#8221;default&#8221; global_colors_info=&#8221;{}&#8221;][et_pb_text _builder_version=&#8221;4.25.1&#8243; _module_preset=&#8221;b3e3ff14-5f5c-4608-8ecf-1885ce3da7aa&#8221; header_font=&#8221;|700|||||||&#8221; header_text_color=&#8221;#333333&#8243; header_font_size=&#8221;50px&#8221; custom_margin=&#8221;|-67px||||&#8221; custom_padding=&#8221;|28px||||&#8221; header_font_size_tablet=&#8221;56px&#8221; header_font_size_phone=&#8221;32px&#8221; header_font_size_last_edited=&#8221;on|phone&#8221; global_colors_info=&#8221;{}&#8221;]<\/p>\n<h1>\u00d6SD ispiti<\/h1>\n<h1><span style=\"color: #6d2468;\">ISPITNI RED<\/span><\/h1>\n<p>[\/et_pb_text][\/et_pb_column][\/et_pb_row][\/et_pb_section][et_pb_section fb_built=&#8221;1&#8243; _builder_version=&#8221;4.24.2&#8243; _module_preset=&#8221;default&#8221; custom_padding=&#8221;0px|||||&#8221; top_divider_style=&#8221;slant&#8221; top_divider_color=&#8221;gcid-81c9071f-3b26-472e-8dc0-d156c0be5d6a&#8221; top_divider_flip=&#8221;horizontal&#8221; bottom_divider_style=&#8221;slant&#8221; bottom_divider_color=&#8221;#333333&#8243; bottom_divider_flip=&#8221;horizontal&#8221; global_colors_info=&#8221;{%22gcid-81c9071f-3b26-472e-8dc0-d156c0be5d6a%22:%91%22top_divider_color%22%93}&#8221;][et_pb_row _builder_version=&#8221;4.20.2&#8243; _module_preset=&#8221;default&#8221; custom_padding=&#8221;||1px|||&#8221; global_colors_info=&#8221;{}&#8221;][et_pb_column type=&#8221;4_4&#8243; _builder_version=&#8221;4.18.0&#8243; _module_preset=&#8221;default&#8221; global_colors_info=&#8221;{}&#8221;][et_pb_text _builder_version=&#8221;4.20.2&#8243; _module_preset=&#8221;default&#8221; text_font=&#8221;|700|||||||&#8221; text_text_color=&#8221;#333333&#8243; text_font_size=&#8221;28px&#8221; text_line_height=&#8221;1.75em&#8221; background_color=&#8221;#FFFFFF&#8221; custom_margin=&#8221;156px|||||&#8221; custom_margin_tablet=&#8221;156px|||||&#8221; custom_margin_phone=&#8221;102px||59px||false|false&#8221; custom_margin_last_edited=&#8221;on|phone&#8221; custom_padding=&#8221;10px|20px|10px|20px|true|true&#8221; animation_direction=&#8221;left&#8221; sticky_limit_bottom=&#8221;row&#8221; border_radii=&#8221;on|16px|16px|16px|16px&#8221; border_width_all=&#8221;5px&#8221; border_color_all=&#8221;#6D2468&#8243; global_colors_info=&#8221;{}&#8221;]<\/p>\n<p>Ako su Vam \u00d6SD ispiti u planu, pro\u010ditajte ispitni red u nastavku kako biste bili spremni i znali \u0161to Vas \u010deka.<\/p>\n<p>[\/et_pb_text][et_pb_text _builder_version=&#8221;4.25.2&#8243; _module_preset=&#8221;default&#8221; background_color=&#8221;rgba(51,51,51,0.08)&#8221; custom_margin=&#8221;-21px|||||&#8221; custom_padding=&#8221;22px|28px|22px|28px|true|true&#8221; animation_direction=&#8221;bottom&#8221; border_radii=&#8221;on|16px|16px|16px|16px&#8221; border_width_all=&#8221;1px&#8221; global_colors_info=&#8221;{}&#8221;]<\/p>\n<p>1. Prilikom prijave na ispit iz njema\u010dkog jezika svaki kandidat dobije originalni ispitni red (Pr\u00fcfungsordnung, Stand: Septembar 2023) koji je propisalo \u00d6SD sredi\u0161te iz Austrije, a koji je kandidat du\u017ean po\u0161tovati. Svojom se prijavom na ispit kandidat sla\u017ee s ispitnim redom \u00d6SD sredi\u0161ta.<\/p>\n<p>&nbsp;<\/p>\n<p>2. \u00d6SD ispiti dokaz su o poznavanju njema\u010dkog jezika, sastavljeni su na temelju Zajedni\u010dkog europskog referentnog okvira za jezike (ZEROJ) i sastoje se od \u010detiri vje\u0161tine:<br \/>\u2013 \u010citanje i razumijevanje pro\u010ditanog (Lesen\/Leseverstehen)<br \/>\u2013 Slu\u0161anje i razumijevanje odslu\u0161anog (H\u00f6ren\/H\u00f6rverstehen)<br \/>\u2013 Pisanje (Schreiben)<br \/>\u2013 Vje\u0161tina konverzacije (Sprechen)<\/p>\n<p>&nbsp;<\/p>\n<p>3. Na ispit se mo\u017ee prijaviti svaka osoba koja nema zabranu izlaska na ispit.<\/p>\n<p>&nbsp;<\/p>\n<p class=\"has-text-align-left\">4. Prije ispita osoblje centra DIALOG ima pravo utvrditi identitet osobe koja je iza\u0161la na ispit. Ako nakon kontrole dokumenata nije mogu\u0107e potvrditi identitet, poduzimaju se mjere koje je propisalo \u00d6SD sredi\u0161te iz Austrije (Pr\u00fcfungsordnung, Stand: Mai 2020).<\/p>\n<p>&nbsp;<\/p>\n<p>5. Ni mobilni telefoni ni sve vrste materijala za u\u010denje jezika ne smiju se unositi u \u0161kolu tijekom cijelog pismenog ispita, pripreme za usmeni i samog usmenog ispita. Ako netko od kandidata unese ne\u0161to od zabranjenog u \u0161kolu, bit \u0107e odstranjen sa ispita.<\/p>\n<p>&nbsp;<\/p>\n<p>6. Jakne, torbe i ostale osobne stvari kandidata moraju biti odlo\u017eene na mjesto koje je predvi\u0111eno za to.<\/p>\n<p>&nbsp;<\/p>\n<p>7. Kandidati koji pola\u017eu B2 i C1 mogu koristiti rje\u010dnike tijekom cijelog ispita (C1 jednojezi\u010dni rje\u010dnik).<\/p>\n<p>&nbsp;<\/p>\n<p>8. Prije ispita vr\u0161i se i kontrola rje\u010dnika. Ako su rje\u010dnici ispisani ili se u njima nalaze bilo kakvi papiri, odmah se oduzimaju.<\/p>\n<p>&nbsp;<\/p>\n<p>9. Isto tako, ako se kandidat na pismenom ispitu okre\u0107e ili prepisuje bit \u0107e odmah odstranjen s ispita.<\/p>\n<p>&nbsp;<\/p>\n<p class=\"has-text-align-left\">10. PAUZA izme\u0111u modula:<br \/>a. Na razini A1 i A2 nema pauze.<br \/>b. Na razini B2 i C1 pauza se pravi isklju\u010divo nakon modula slu\u0161anje. Izme\u0111u modula \u010ditanje i slu\u0161anje u\u010dionica se ne smije napu\u0161tati.<br \/>c. Kandidati na razini B1 mogu praviti pauzu izme\u0111u modula.<br \/>S obzirom da pojedini dijelovi ispita traju i do 90 minuta, a prostorija se ne mo\u017ee napu\u0161tati, molimo kandidate da fizi\u010dke potrebe obave prije ispita.<\/p>\n<p>&nbsp;<\/p>\n<p>11. Ako kandidat zavr\u0161i zadani modul prije isteka vremena, bit \u0107e solidaran i ne\u0107e napu\u0161tati u\u010dionicu za vrijeme trajanja modula.<\/p>\n<p>&nbsp;<\/p>\n<p>12. Na ispitu je obavezno pisanje kemijskom olovkom. Rad koji nije pisan kemijskom olovkom ne ocjenjuje se.<\/p>\n<p>&nbsp;<\/p>\n<p>13. Svi pismeni i usmeni radovi odmah se nakon ispita \u0161alju u \u00d6SD sredi\u0161te u Austriju, gdje se i ocjenjuju. Nakon \u0161to se radovi (pismeni i usmeni) ocijene u Austriji, rezultati se dostavljaju ispitnom centru u Hrvatskoj, a zatim se certifikati tiskaju, tako\u0111er u Austriji. Rok za slanje certifikata iz Austrije u ispitni centar u Hrvatskoj jest maksimalno 6 tjedana od dana pristizanja ispitnih materijala u \u00d6SD sredi\u0161te u Austriju.<\/p>\n<p>&nbsp;<\/p>\n<p>14. Da bi kandidat dobio kona\u010dni certifikat (Gesamtzertifikat) mora polo\u017eiti pismeni i usmeni dio ispita (kod ZB1 i ZC2 mora polo\u017eiti sva \u010detiri modula) u istom ispitnom centru i gradu, u roku od godinu dana. Ako kandidat polo\u017ei samo pismeni ili samo usmeni dio ispita dobiva certifikat za polo\u017eeni dio ili polo\u017eene module na ZB1 i ZC2.<\/p>\n<p>&nbsp;<\/p>\n<p>15. Ako kandidat ne preuzme certifikat u roku od 6 mjeseci od datuma izdavanja, isti se vra\u0107a u sredi\u0161te u Austriju i poni\u0161tava.<\/p>\n<p>[\/et_pb_text][\/et_pb_column][\/et_pb_row][et_pb_row _builder_version=&#8221;4.20.2&#8243; _module_preset=&#8221;default&#8221; custom_margin=&#8221;104px|auto||auto||&#8221; global_colors_info=&#8221;{}&#8221;][et_pb_column type=&#8221;4_4&#8243; _builder_version=&#8221;4.18.0&#8243; _module_preset=&#8221;default&#8221; global_colors_info=&#8221;{}&#8221;][et_pb_text _builder_version=&#8221;4.20.2&#8243; _module_preset=&#8221;90865f4d-2cce-42a7-b40e-d3fbad25605a&#8221; text_font=&#8221;||||||||&#8221; header_font=&#8221;|800|||||||&#8221; header_2_font=&#8221;Poppins|700|||||||&#8221; header_2_text_color=&#8221;#000000&#8243; header_2_font_size=&#8221;34px&#8221; header_3_font=&#8221;|800|||||||&#8221; header_3_text_color=&#8221;#333333&#8243; min_height=&#8221;6px&#8221; custom_margin=&#8221;||10px||false|false&#8221; animation_direction=&#8221;left&#8221; header_2_font_size_tablet=&#8221;30px&#8221; header_2_font_size_phone=&#8221;24px&#8221; header_2_font_size_last_edited=&#8221;on|phone&#8221; locked=&#8221;off&#8221; global_colors_info=&#8221;{}&#8221;]<\/p>\n<h2>\u00d6SD ispiti \u2013 Pravo na uvid u ocjenu i \u017ealbu<\/h2>\n<p>[\/et_pb_text][et_pb_divider color=&#8221;#6D2468&#8243; divider_weight=&#8221;6px&#8221; _builder_version=&#8221;4.20.2&#8243; _module_preset=&#8221;default&#8221; width=&#8221;15%&#8221; global_colors_info=&#8221;{}&#8221;][\/et_pb_divider][et_pb_text _builder_version=&#8221;4.20.2&#8243; _module_preset=&#8221;default&#8221; text_font_size=&#8221;18px&#8221; animation_direction=&#8221;bottom&#8221; global_colors_info=&#8221;{}&#8221;]<\/p>\n<ul>\n<li>Kandidati imaju pravo na uvid u svoju ocjenu u roku od 3 mjeseca od dana kada im je izdan certifikat, odnosno proslije\u0111eni rezultati ispita.<\/li>\n<li>Uvid u ocjenu dobiva se na temelju formulara za ocjenjivanje (Auswertungs-, Antwort- und Bewertungsbogen).<\/li>\n<li>Uvid u ocjenu kandidat mo\u017ee dobiti samo osobno, u prostorijama centra DIALOG.<\/li>\n<li>Uvid u sam rad i Gesamtbogen nije mogu\u0107. Zabranjeno je fotografiranje, kopiranje i skeniranje svih ispitnih materijala.<\/li>\n<li>Kandidat ima pravo na \u017ealbu na ocjenu u roku od 3 tjedna od dana kada mu je izdan certifikat, odnosno proslije\u0111eni rezultati ispita.<\/li>\n<li>Kandidat \u0161alje \u017ealbu na ocjenu direktno \u00d6SD sredi\u0161tu, nakon \u0161to popuni formular (Einspruch).<\/li>\n<li>Kandidat mo\u017ee dobiti formular za \u017ealbu u ispitnom centru u kojem je polagao ispit.<\/li>\n<\/ul>\n<p>Ispitni red detaljnije pogledajte <a href=\"https:\/\/dialog-group.eu\/wp-content\/uploads\/2023\/01\/DOW_31.pdf\" target=\"_blank\" rel=\"noopener noreferrer\"><strong>ovdje<\/strong><\/a>.<\/p>\n<p>[\/et_pb_text][\/et_pb_column][\/et_pb_row][\/et_pb_section][et_pb_section fb_built=&#8221;1&#8243; admin_label=&#8221;CTA&#8221; _builder_version=&#8221;4.24.2&#8243; _module_preset=&#8221;default&#8221; background_color=&#8221;RGBA(255,255,255,0)&#8221; top_divider_style=&#8221;slant2&#8243; top_divider_color=&#8221;#333333&#8243; top_divider_height=&#8221;87px&#8221; top_divider_flip=&#8221;horizontal&#8221; locked=&#8221;off&#8221; global_colors_info=&#8221;{}&#8221;][et_pb_row column_structure=&#8221;1_2,1_2&#8243; _builder_version=&#8221;4.17.6&#8243; _module_preset=&#8221;default&#8221; locked=&#8221;off&#8221; global_colors_info=&#8221;{}&#8221;][et_pb_column type=&#8221;1_2&#8243; _builder_version=&#8221;4.16&#8243; _module_preset=&#8221;default&#8221; global_colors_info=&#8221;{}&#8221;][et_pb_text _builder_version=&#8221;4.25.1&#8243; _module_preset=&#8221;default&#8221; text_font_size=&#8221;30px&#8221; text_line_height=&#8221;1.8em&#8221; custom_margin=&#8221;43px||||false|false&#8221; global_colors_info=&#8221;{}&#8221;]<\/p>\n<p>&nbsp;<\/p>\n<p>&nbsp;<\/p>\n<p><strong>MOB:<\/strong> 098 134 0882<\/p>\n<p><strong>ADRESA:<\/strong> \u0160etali\u0161te Petra Preradovi\u0107a 8,<br \/><span>31000 Osijek<\/span><\/p>\n<p>[\/et_pb_text][\/et_pb_column][et_pb_column type=&#8221;1_2&#8243; _builder_version=&#8221;4.16&#8243; _module_preset=&#8221;default&#8221; custom_padding=&#8221;50px||||false|false&#8221; custom_padding_tablet=&#8221;&#8221; custom_padding_phone=&#8221;30px||||false|false&#8221; custom_padding_last_edited=&#8221;on|phone&#8221; global_colors_info=&#8221;{}&#8221;][et_pb_text _builder_version=&#8221;4.18.0&#8243; _module_preset=&#8221;90865f4d-2cce-42a7-b40e-d3fbad25605a&#8221; header_2_font=&#8221;Poppins|700|||||||&#8221; header_2_text_color=&#8221;#333333&#8243; header_2_font_size=&#8221;48px&#8221; custom_margin=&#8221;||10px||false|false&#8221; header_2_font_size_tablet=&#8221;30px&#8221; header_2_font_size_phone=&#8221;24px&#8221; header_2_font_size_last_edited=&#8221;on|phone&#8221; locked=&#8221;off&#8221; global_colors_info=&#8221;{}&#8221;]<\/p>\n<h2>Javi nam se<\/h2>\n<p>[\/et_pb_text][et_pb_divider color=&#8221;#6D2468&#8243; divider_weight=&#8221;5px&#8221; _builder_version=&#8221;4.17.6&#8243; _module_preset=&#8221;default&#8221; max_width=&#8221;50px&#8221; locked=&#8221;off&#8221; global_colors_info=&#8221;{}&#8221;][\/et_pb_divider][et_pb_contact_form email=&#8221;info@dialog-group.eu&#8221; success_message=&#8221;Hvala na upitu! Javit \u0107emo Vam se u \u0161to kra\u0107em roku.&#8221; submit_button_text=&#8221;Po\u0161alji&#8221; _builder_version=&#8221;4.25.1&#8243; _module_preset=&#8221;default&#8221; _unique_id=&#8221;e7edb1c8-1949-431b-9e9c-64235a8685d9&#8243; form_field_background_color=&#8221;RGBA(255,255,255,0)&#8221; title_text_align=&#8221;center&#8221; title_text_color=&#8221;#8E4C7E&#8221; title_line_height=&#8221;1.6em&#8221; form_field_font=&#8221;Poppins||||||||&#8221; custom_button=&#8221;on&#8221; button_text_color=&#8221;#FFFFFF&#8221; button_bg_color=&#8221;#6D2468&#8243; button_border_radius=&#8221;87px&#8221; custom_margin=&#8221;29px||||false|false&#8221; custom_padding=&#8221;0px|0px|0px|0px|true|true&#8221; border_radii=&#8221;on|10px|10px|10px|10px&#8221; border_width_all=&#8221;2px&#8221; border_color_all=&#8221;#6D2468&#8243; global_colors_info=&#8221;{}&#8221;][et_pb_contact_field field_id=&#8221;Ime&#8221; field_title=&#8221;Ime i prezime&#8221; fullwidth_field=&#8221;on&#8221; _builder_version=&#8221;4.17.6&#8243; _module_preset=&#8221;default&#8221; global_colors_info=&#8221;{}&#8221;][\/et_pb_contact_field][et_pb_contact_field field_id=&#8221;Email_Adresa&#8221; field_title=&#8221;Email Adresa&#8221; fullwidth_field=&#8221;on&#8221; _builder_version=&#8221;4.17.6&#8243; _module_preset=&#8221;default&#8221; custom_margin=&#8221;||37px||false|false&#8221; global_colors_info=&#8221;{}&#8221;][\/et_pb_contact_field][et_pb_contact_field field_id=&#8221;Opis&#8221; field_title=&#8221;Opis&#8221; field_type=&#8221;text&#8221; fullwidth_field=&#8221;on&#8221; _builder_version=&#8221;4.18.0&#8243; _module_preset=&#8221;default&#8221; custom_margin=&#8221;-21px||48px||false|false&#8221; global_colors_info=&#8221;{}&#8221;][\/et_pb_contact_field][\/et_pb_contact_form][\/et_pb_column][\/et_pb_row][\/et_pb_section]<\/p>\n","protected":false},"excerpt":{"rendered":"<p>\u00d6SD ispiti ISPITNI RED\u00d6SD ispiti ISPITNI REDAko su Vam \u00d6SD ispiti u planu, pro\u010ditajte ispitni red u nastavku kako biste bili spremni i znali \u0161to Vas \u010deka.1. Prilikom prijave na ispit iz njema\u010dkog jezika svaki kandidat dobije originalni ispitni red (Pr\u00fcfungsordnung, Stand: Septembar 2023) koji je propisalo \u00d6SD sredi\u0161te iz Austrije, a koji je kandidat [&hellip;]<\/p>\n","protected":false},"author":2,"featured_media":0,"parent":20,"menu_order":2,"comment_status":"closed","ping_status":"closed","template":"","meta":{"_et_pb_use_builder":"on","_et_pb_old_content":"","_et_gb_content_width":"","footnotes":""},"categories":[],"tags":[],"class_list":["post-650","page","type-page","status-publish","hentry"],"_links":{"self":[{"href":"https:\/\/dialog-group.eu\/english\/wp-json\/wp\/v2\/pages\/650","targetHints":{"allow":["GET"]}}],"collection":[{"href":"https:\/\/dialog-group.eu\/english\/wp-json\/wp\/v2\/pages"}],"about":[{"href":"https:\/\/dialog-group.eu\/english\/wp-json\/wp\/v2\/types\/page"}],"author":[{"embeddable":true,"href":"https:\/\/dialog-group.eu\/english\/wp-json\/wp\/v2\/users\/2"}],"replies":[{"embeddable":true,"href":"https:\/\/dialog-group.eu\/english\/wp-json\/wp\/v2\/comments?post=650"}],"version-history":[{"count":48,"href":"https:\/\/dialog-group.eu\/english\/wp-json\/wp\/v2\/pages\/650\/revisions"}],"predecessor-version":[{"id":5347,"href":"https:\/\/dialog-group.eu\/english\/wp-json\/wp\/v2\/pages\/650\/revisions\/5347"}],"up":[{"embeddable":true,"href":"https:\/\/dialog-group.eu\/english\/wp-json\/wp\/v2\/pages\/20"}],"wp:attachment":[{"href":"https:\/\/dialog-group.eu\/english\/wp-json\/wp\/v2\/media?parent=650"}],"wp:term":[{"taxonomy":"category","embeddable":true,"href":"https:\/\/dialog-group.eu\/english\/wp-json\/wp\/v2\/categories?post=650"},{"taxonomy":"post_tag","embeddable":true,"href":"https:\/\/dialog-group.eu\/english\/wp-json\/wp\/v2\/tags?post=650"}],"curies":[{"name":"wp","href":"https:\/\/api.w.org\/{rel}","templated":true}]}}