{"id":4778,"date":"2024-06-27T11:42:04","date_gmt":"2024-06-27T09:42:04","guid":{"rendered":"https:\/\/dialog-group.eu\/?page_id=4778"},"modified":"2024-10-28T12:26:22","modified_gmt":"2024-10-28T11:26:22","slug":"privacy-policy","status":"publish","type":"page","link":"https:\/\/dialog-group.eu\/english\/privacy-policy\/","title":{"rendered":"Privacy Policy"},"content":{"rendered":"<p>[et_pb_section fb_built=&#8221;1&#8243; _builder_version=&#8221;4.25.2&#8243; _module_preset=&#8221;default&#8221; global_colors_info=&#8221;{}&#8221;][et_pb_row _builder_version=&#8221;4.25.2&#8243; _module_preset=&#8221;default&#8221; global_colors_info=&#8221;{}&#8221;][et_pb_column type=&#8221;4_4&#8243; _builder_version=&#8221;4.25.2&#8243; _module_preset=&#8221;default&#8221; global_colors_info=&#8221;{}&#8221;][et_pb_text _builder_version=&#8221;4.25.2&#8243; _module_preset=&#8221;default&#8221; global_colors_info=&#8221;{}&#8221;]<\/p>\n<h1 class=\"wp-block-heading\">Privacy Policy<\/h1>\n<p>[\/et_pb_text][\/et_pb_column][\/et_pb_row][et_pb_row _builder_version=&#8221;4.25.2&#8243; _module_preset=&#8221;default&#8221; global_colors_info=&#8221;{}&#8221;][et_pb_column type=&#8221;4_4&#8243; _builder_version=&#8221;4.25.2&#8243; _module_preset=&#8221;default&#8221; global_colors_info=&#8221;{}&#8221;][et_pb_tabs active_tab_text_color=&#8221;#8E4C7E&#8221; _builder_version=&#8221;4.25.2&#8243; _module_preset=&#8221;default&#8221; hover_enabled=&#8221;0&#8243; global_colors_info=&#8221;{}&#8221; sticky_enabled=&#8221;0&#8243;][et_pb_tab title=&#8221;Privacy Policy&#8221; _builder_version=&#8221;4.25.1&#8243; _module_preset=&#8221;default&#8221; hover_enabled=&#8221;0&#8243; global_colors_info=&#8221;{}&#8221; sticky_enabled=&#8221;0&#8243;]<\/p>\n<p>In accordance with the General Data Protection Regulation (Regulation\u00a0(EU)\u00a02016\/679\u00a0of the\u00a0European Parliament\u00a0and of the\u00a0Council\u00a0of\u00a027 April 2016 on the protection of natural persons with regard to the processing of personal data and on the free movement of such data and repealing Directive 95\/46\/EC), the Service Provider collects and processes the personal data of users in a lawful, fair and transparent manner, namely only the data that are necessary for the performance of the service agreed upon between the Service Provider and the User.<\/p>\n<p>For the purposes of clarity and easier understanding of these Terms, &#8220;Service Provider&#8221; means EUDIALOG d.o.o. and &#8220;User&#8221; means a visitor to the website of the Service Provider, a potential business associate of the Service Provider and any user of the Service Provider&#8217;s services.<\/p>\n<p>&nbsp;<\/p>\n<h2 class=\"wp-block-heading\">Types of personal data collected and processed<\/h2>\n<p>&#8220;Personal data&#8221; means any information relating to an identified or identifiable natural person; an identifiable natural person is a natural person who can be identified directly or indirectly, in particular by means of identifiers such as name, surname, personal identification number, location data, online identifier or one or more factors that constitute the physical, psychological, genetic, mental, economic, cultural or social identity of a natural person. Access to the services through the site does not require registration or creation of a user account through which personal data would be disclosed.<\/p>\n<p>However, if the user wishes to register for a course or send an inquiry related to any of the services or other type of cooperation, some personal data are required for the processing of the application or inquiry. In this case, it is necessary to send or otherwise disclose the name, surname, e-mail address, telephone number and data or documents related to the type of service or cooperation (translation or proofreading of documents, information on the languages being translated, etc.). If the User decides not to send or disclose this information, the Service Provider will not be able to respond to his or her inquiry or request.<\/p>\n<p>Personal data are processed solely for the purposes of which the User is informed and are collected at the time of data collection. The Controller is the person authorized to represent the company EUDIALOG d.o.o. and the User can send the Controller any questions related to the processing of personal data at info[at]dialog-group.eu or by mail to EUDIALOG d.o.o., \u0160etali\u0161te Petra Preradovi\u0107a 8, 31000 Osijek.<\/p>\n<p>&nbsp;<\/p>\n<h2 class=\"wp-block-heading\">Use of personal data<\/h2>\n<p>Personal data are used exclusively for the performance of services that are within the scope of the Service Provider&#8217;s activities or for technical purposes in the administration of the site, communication with the User and the creation of statistics. Personal information will not be disclosed to third parties except with the explicit consent of the User.<\/p>\n<p>The Service Provider shall independently decide which data will be required for the performance of the service. In the event that the data are not disclosed, there is a possibility that the Service Provider will not be able to fulfill its obligations and establish a business relationship with the User. The User has the right at any time to request from the Service Provider access to his or her personal data and correction of his or her personal data.<\/p>\n<p>Requests for accessing the data or correction of personal data can be made by the User via the contact form on the Service Provider&#8217;s website or via email at info[at]dialog-group.eu. These requests may include a request to provide information on how the Service Provider processes the data, for what purpose, or the user may request for the data to be changed or updated if they are incorrect or incomplete.<\/p>\n<p>The Service Provider shall process such a request as soon as possible and no later than one month after receipt. This period may be extended to two months in the event of a heavy workload of the Service Provider, of which the User must be informed as soon as possible.<\/p>\n<p>&nbsp;<\/p>\n<h2 class=\"wp-block-heading\">Consent<\/h2>\n<p>When arranging a business relationship with the Service Provider, as well as when sending general inquiries, requests for quotes or offers of services, the User gives consent to the Service Provider for the processing of those personal data that are necessary for the processing of requests. The User has the right to withdraw the consent to the processing of personal data at any time. For this purpose, the User may send a request to terminate the processing of his or her data via the contact form on the Service Provider&#8217;s website or via the email at info[at]dialog-group.eu. The Service Provider shall immediately cease all processing and inform the User thereof.<\/p>\n<p>&nbsp;<\/p>\n<h2 class=\"wp-block-heading\">Objection<\/h2>\n<p>In case of suspected misuse or denial of data, the User has the right to lodge a complaint with the supervisory authority, the Croatian Personal Data Protection Agency (AZOP).<\/p>\n<p>&nbsp;<\/p>\n<h2 class=\"wp-block-heading\">Deletion of personal data<\/h2>\n<p>The User has the right to request from the Service Provider the deletion of his or her personal data. Such a request may be made via the contact form on the Service Provider&#8217;s website or at info[at]dialog-group.eu. The Service Provider shall process such a request as soon as possible and no later than one month after receipt. This period may be extended to two months in the event of a heavy workload of the Service Provider, of which the User must be informed as soon as possible. The Service Provider shall immediately cease all processing and inform the User thereof.<\/p>\n<p>If the Service Provider is not able to perform its contractual obligations towards the User due to the interruption of data processing, the Service Provider shall not be liable for any failure to fulfill the obligations or any possible damage caused by the failure to fulfill obligations, while the User shall be responsible for all costs incurred by the Service Provider.<\/p>\n<p>&nbsp;<\/p>\n<h2 class=\"wp-block-heading\">Automatic recording of information\u00a0(non\u2013personal data)<\/h2>\n<p>Each access to the Service Provider&#8217;s website automatically records some information of a general nature that is not considered personal data (the User&#8217;s browser, the number of visits, the pages visited, the average time of Visit per page). The information collected in this way is important for the Service Provider as it is used to measure interest in the content of the site, to improve the content and user experience. This information is not forwarded to third parties.<\/p>\n<p>&nbsp;<\/p>\n<h2 class=\"wp-block-heading\">Cookies<\/h2>\n<p>The website of the Service Provider uses Cookies &#8211; data which the web server sends to the browser, which are then recorded on the local computer disk. Cookies are small passive text files stored in the browser&#8217;s memory when it is active or in a special directory of the hard disk (Temporary Internet Folder) when the browser is turned off.<\/p>\n<p>Cookies are used to maintain status information as you move around different sites or return to a website. Cookies do not contain any personal data and cannot be used to run programs or transfer viruses to your computer. Cookies do not maliciously affect the system. They are not programs, nor plug-ins, nor spam. They don&#8217;t spread viruses and they&#8217;re not viruses. They do not read the information on your computer in order to pass it on to a third parties. They are completely harmless, and without them some complex network applications can not work. The Service Provider&#8217;s pages are linked to Google Analytics statistics and require third-party Cookies in Google Analytics to create statistics.<\/p>\n<p>Information about how users use our site may be collected from time to time using other tools similar to Google Analytics. If you do not agree with their use, you can simply delete or disable cookies on your computer or mobile device using your browser settings. Since the purpose of cookies is to improve user experience, please note that by deleting or disabling cookies you can also disable some functionalities of the site or the appearance of the site in the browser.<\/p>\n<p>&nbsp;<\/p>\n<h2 class=\"wp-block-heading\">Security<\/h2>\n<p>The Service Provider shall take all available measures to ensure the security of personal data. Users&#8217; personal data are systematically protected against loss, destruction, forgery, manipulation and unauthorized access or unauthorized disclosure.<\/p>\n<p>[\/et_pb_tab][et_pb_tab title=&#8221;Politika privatnosti&#8221; _builder_version=&#8221;4.25.1&#8243; _module_preset=&#8221;default&#8221; hover_enabled=&#8221;0&#8243; global_colors_info=&#8221;{}&#8221; sticky_enabled=&#8221;0&#8243;]<\/p>\n<h2 class=\"wp-block-heading\">Politika za\u0161tite privatnosti<\/h2>\n<p>U skladu s Op\u0107om uredbom o za\u0161titi podataka (Uredba (EU) 2016\/679 Europskog parlamenta i Vije\u0107a od 27. travnja 2016. o za\u0161titi pojedinaca u vezi s obradom osobnih podataka i o slobodnom kretanju takvih podataka te o stavljanju izvan snage Direktive 95\/46\/EZ), pru\u017eatelj usluge skuplja i obra\u0111uje osobne podatke Korisnika na zakonit, pravedan i transparentan na\u010din, i to samo one podatke koji su neophodni za izvr\u0161avanje usluge dogovorene izme\u0111u Pru\u017eatelja usluge i Korisnika.<\/p>\n<p>Radi jasno\u0107e i lak\u0161eg razumijevanja ovih Uvjeta, \u201ePru\u017eatelj usluge\u201c zna\u010di EUDIALOG d.o.o., a \u201eKorisnik\u201c zna\u010di posjetitelj internetske stranice Pru\u017eatelja usluge, potencijalni poslovni suradnik Pru\u017eatelja usluge i svaki korisnik usluga Pru\u017eatelja usluge.<\/p>\n<p>&nbsp;<\/p>\n<h2 class=\"wp-block-heading\">Vrste osobnih podataka koji se skupljaju i obra\u0111uju<\/h2>\n<p>\u201eOsobni podaci\u201d zna\u010di sve informacije koje se odnose na pojedinca \u010diji je identitet utvr\u0111en ili mo\u017ee biti utvr\u0111en; pojedinac \u010diji identitet mo\u017ee biti utvr\u0111en jest fizi\u010dka osoba koja mo\u017ee izravno ili neizravno biti identificirana, osobito pomo\u0107u identifikatora kao \u0161to su ime, prezime, osobni identifikacijski broj, podatci o lokaciji, mre\u017eni identifikator ili pomo\u0107u jednog ili vi\u0161e \u010dimbenika koji \u010dine fizi\u010dki, psiholo\u0161ki, genetski, mentalni, ekonomski, kulturni ili socijalni identitet pojedinca. Za pristup uslugama putem stranice nije potrebna registracija ili kreiranje korisni\u010dkog ra\u010duna putem kojih bi se otkrili osobni podatci.<\/p>\n<p>Ipak, ako se Korisnik \u017eeli prijaviti na te\u010daj ili poslati upit vezano uz neku od usluga ili drugu vrstu suradnje, za obradu prijave ili upita potrebni su neki osobni podaci. U tom slu\u010daju potrebno je poslati ili na drugi na\u010din otkriti ime, prezime, e-adresu, broj telefona te podatke ili dokumente koji se odnose na vrstu usluge ili suradnje (dokumenti za prijevod ili lekturu, podatci o jezicima koji se prevode i sl.). Ako Korisnik odlu\u010di ne poslati ili otkriti te podatke, Pru\u017eatelj usluge ne\u0107e mo\u0107i odgovoriti na njegov ili njezin upit ili zahtjev.<\/p>\n<p>Osobni podaci obra\u0111uju se isklju\u010divo za svrhe o kojima je Korisnik obavije\u0161ten i sakupljeni su u trenutku sakupljanja podataka. Voditelj obrade jest osoba koja je ovla\u0161tena predstavljati tvrtku EUDIALOG d.o.o. i Korisnik joj mo\u017ee uputiti sva pitanja vezana uz obradu osobnih podataka na info[at]dialog-group.eu ili putem po\u0161te na EUDIALOG d.o.o., \u0160etali\u0161te Petra Preradovi\u0107a 8, 31000 Osijek.<\/p>\n<p>&nbsp;<\/p>\n<h2 class=\"wp-block-heading\">Upotreba osobnih podataka<\/h2>\n<p>Osobni podaci upotrebljavaju se isklju\u010divo za izvr\u0161avanje usluga koje su unutar okvira djelatnosti Pru\u017eatelja usluge ili u tehni\u010dke svrhe pri administraciji stranice, komunikaciji s Korisnikom i izradi statistike. Osobne informacije ne\u0107e biti otkrivane tre\u0107im stranama osim uz izri\u010ditu suglasnost Korisnika.<\/p>\n<p>Pru\u017eatelj usluge neovisno odlu\u010duje o tome koji \u0107e mu podatci biti potrebni za izvr\u0161avanje usluge. U slu\u010daju da podatci ne budu ustupljeni, postoji mogu\u0107nost da Pru\u017eatelj usluge ne\u0107e mo\u0107i izvr\u0161iti svoje obveze i ostvariti poslovni odnos s Korisnikom. Korisnik ima pravo u bilo kojem trenutku tra\u017eiti od Pru\u017eatelja usluge pristup svojim osobnim podatcima i ispravak svojih osobnih podataka.<\/p>\n<p>Zahtjeve za pristup podatcima ili ispravak osobnih podataka Korisnik mo\u017ee uputiti putem kontakt obrasca na stranicama Pru\u017eatelja usluge ili na adresu info[at]dialog-group.eu. Ti zahtjevi mogu sadr\u017eavati zahtjev za pru\u017eanje informacija o tome na koji na\u010din Pru\u017eatelj usluge obra\u0111uje podatke, u koju svrhu, odnosno Korisnik zahtjevom mo\u017ee tra\u017eiti da se podatci izmjene ili a\u017euriraju ako su neto\u010dni ili nepotpuni.<\/p>\n<p>Pru\u017eatelj usluge obvezan je obraditi takav zahtjev u \u0161to kra\u0107em mogu\u0107em roku, a najvi\u0161e mjesec dana od zaprimanja. Taj rok mo\u017ee biti produ\u017een na dva mjeseca u slu\u010daju velikog optere\u0107enja Pru\u017eatelja usluge, o \u010demu mora \u010dim prije obavijestiti Korisnika.<\/p>\n<p>&nbsp;<\/p>\n<h2 class=\"wp-block-heading\">Privola<\/h2>\n<p>Pri dogovaranju poslovnog odnosa s Pru\u017eateljem usluge, kao i kod slanja op\u0107ih upita, zahtjeva za ponudu ili ponude usluge, Korisnik daje privolu Pru\u017eatelju usluge za obradu onih osobnih podataka koji su nu\u017eni za obradu zahtjeva. Korisnik ima pravo u bilo kojem trenutku povu\u0107i privolu za obradu osobnih podataka. U tu svrhu mo\u017ee poslati zahtjev za prekid obrade svojih podataka putem kontakt obrasca na stranicama Pru\u017eatelja usluge ili na adresu info[at]dialog-group.eu. Pru\u017eatelj usluge odmah \u0107e prestati sa svom daljinom obradom i o tome obavijestiti Korisnika.<\/p>\n<p>Ako Pru\u017eatelj usluge nije u mogu\u0107nosti izvr\u0161iti svoje ugovorne obveze prema Korisniku zbog prekida obrade podataka, ne\u0107e prema Korisniku snositi nikakvu odgovornost za neispunjenje ili eventualnu \u0161tetu nastalu zbog neispunjenja, dok \u0107e Korisnik biti odgovoran za sve tro\u0161kove koji su nastali kod Pru\u017eatelja usluge. Kad je privola povu\u010dena, Pru\u017eatelj \u0107e usluge odmah i trajno izbrisati sve prikupljene podatke o Korisniku.<\/p>\n<p>&nbsp;<\/p>\n<h2 class=\"wp-block-heading\">Prigovor<\/h2>\n<p>U slu\u010daju da sumnja na zlouporabu ili uskra\u0107ivanje podataka, Korisnik ima pravo uputiti \u017ealbu nadzornom tijelu, Agenciji za za\u0161titu osobnih podataka (AZOP).<\/p>\n<p>&nbsp;<\/p>\n<h2 class=\"wp-block-heading\">Brisanje osobnih podataka<\/h2>\n<p>Korisnik ima pravo zatra\u017eiti brisanje njegovih ili njezinih osobnih podataka od Pru\u017eatelja usluge. Takav zahtjev mo\u017ee uputiti putem kontakt obrasca na stranicama Pru\u017eatelja usluge ili na adresu info[at]dialog-group.eu. Pru\u017eatelj usluge obvezan je obraditi taj zahtjev u \u0161to kra\u0107em mogu\u0107em roku, a najvi\u0161e mjesec dana od zaprimanja. Taj rok mo\u017ee biti produ\u017een na dva mjeseca u slu\u010daju velikog optere\u0107enja Pru\u017eatelja usluge, o \u010demu mora \u010dim prije obavijestiti Korisnika. Pru\u017eatelj usluge odmah \u0107e prestati sa svom daljinom obradom i o tome obavijestiti Korisnika.<\/p>\n<p>Ako Pru\u017eatelj usluge nije u mogu\u0107nosti izvr\u0161iti svoje ugovorne obveze prema Korisniku zbog prekida obrade podataka, ne\u0107e prema Korisniku snositi nikakvu odgovornost za neispunjenje ili eventualnu \u0161tetu nastalu zbog neispunjenja, dok \u0107e Korisnik biti odgovoran za sve tro\u0161kove koji su nastali kod Pru\u017eatelja usluge.<\/p>\n<p>&nbsp;<\/p>\n<h2 class=\"wp-block-heading\">Automatsko bilje\u017eenje informacija (informacije koje nisu osobne prirode)<\/h2>\n<p>Svaki pristup stranicama Pru\u017eatelja usluge automatski bilje\u017ei neke informacije op\u0107e prirode koji se ne smatraju osobnim podatcima (korisnikov preglednik, broj posjeta, posje\u0107ene stranice, prosje\u010dno vrijeme posjeta po stranici). Informacije prikupljene na ovaj na\u010din va\u017ene su za Pru\u017eatelja usluge jer se koriste za mjerenje interesa za sadr\u017eaj stranice, za pobolj\u0161anje sadr\u017eaja i korisni\u010dkog iskustva. Te se informacije ne proslje\u0111uju tre\u0107im stranama.<\/p>\n<p>&nbsp;<\/p>\n<h2 class=\"wp-block-heading\">\u201eCookies\u201c\/Kola\u010di\u0107i<\/h2>\n<p>Stranice Pru\u017eatelja usluge koriste takozvane \u201ecookies\u201c\/kola\u010di\u0107e \u2013 podatke koje internetski poslu\u017eitelj (eng. web server) \u0161alje programu za pretra\u017eivanje interneta (eng. browser), koje isti zapisuje na disk lokalnog ra\u010dunala. Kola\u010di\u0107i su male pasivne tekstualne datoteke i nalaze se u memoriji preglednika kada je aktivan, odnosno u posebnom direktoriju tvrdog diska (Temporary Internet Folder) kada je preglednik isklju\u010den.<\/p>\n<p>Kola\u010di\u0107i se koriste za odr\u017eavanje informacija o stanju dok se kre\u0107ete po razli\u010ditim stranicama ili se vra\u0107ate na neko mre\u017eno mjesto. Kola\u010di\u0107i ne sadr\u017ee nikakve osobne podatke i ne mogu se koristiti za pokretanje programa ili prijenos virusa na Va\u0161e ra\u010dunalo. Kola\u010di\u0107i ne djeluju na sustav maliciozno. Oni nisu programi, ni plug-inovi, ni spam. Ne \u0161ire viruse i nisu virusi. Ne \u010ditaju podatke na Va\u0161em ra\u010dunalu kako bi ih proslijedili tre\u0107oj strani. Potpuno su bezopasni, a bez njih neke slo\u017eene mre\u017ene aplikacije ne mogu raditi. Stranice Pru\u017eatelja usluge povezane su sa sustavom za statistiku Google Analytics i za izradu statistike tra\u017ee kola\u010di\u0107e tre\u0107ih strana u sustavu Google Analytics.<\/p>\n<p>Podatci o tome na koji na\u010din korisnici koriste na\u0161e stranice mogu s vremena na vrijeme biti prikupljeni s pomo\u0107u drugih alata sli\u010dnih alatu Google Analytics. Ako se ne sla\u017eete s njihovim kori\u0161tenjem, jednostavno mo\u017eete obrisati ili onemogu\u0107iti kola\u010di\u0107e na svom ra\u010dunalu ili mobilnom ure\u0111aju pomo\u0107u postavki preglednika. S obzirom na to da je svrha kola\u010di\u0107a unapre\u0111enje korisni\u010dkog iskustva, vodite ra\u010duna o tome da brisanjem ili onemogu\u0107ivanjem kola\u010di\u0107a mo\u017eete onemogu\u0107iti i neke funkcionalnosti stranice ili izgled stranice u pregledniku.<\/p>\n<p>&nbsp;<\/p>\n<h2 class=\"wp-block-heading\">Sigurnost<\/h2>\n<p>Pru\u017eatelj usluge poduzima sve dostupne mjere kako bi osigurao sigurnost osobnih podataka. Osobni podatci korisnika sustavno se \u0161tite od gubitka, uni\u0161tavanja, krivotvorenja, manipulacije i neovla\u0161tenog pristupa ili neovla\u0161tenog otkrivanja.<\/p>\n<p>[\/et_pb_tab][\/et_pb_tabs][et_pb_button button_url=&#8221;@ET-DC@eyJkeW5hbWljIjp0cnVlLCJjb250ZW50IjoiaG9tZV91cmwiLCJzZXR0aW5ncyI6e319@&#8221; button_text=&#8221;Home&#8221; button_alignment=&#8221;center&#8221; _builder_version=&#8221;4.25.1&#8243; _dynamic_attributes=&#8221;button_url&#8221; _module_preset=&#8221;default&#8221; custom_button=&#8221;on&#8221; button_text_size=&#8221;28px&#8221; button_text_color=&#8221;#FFFFFF&#8221; button_bg_color=&#8221;#6D2468&#8243; button_border_width=&#8221;0px&#8221; button_border_radius=&#8221;7px&#8221; button_icon=&#8221;&#xe065;||fa||900&#8243; button_on_hover=&#8221;off&#8221; background_layout=&#8221;dark&#8221; box_shadow_style=&#8221;preset3&#8243; locked=&#8221;off&#8221; global_colors_info=&#8221;{}&#8221;][\/et_pb_button][\/et_pb_column][\/et_pb_row][\/et_pb_section]<\/p>\n","protected":false},"excerpt":{"rendered":"<p>Privacy PolicyIn accordance with the General Data Protection Regulation (Regulation\u00a0(EU)\u00a02016\/679\u00a0of the\u00a0European Parliament\u00a0and of the\u00a0Council\u00a0of\u00a027 April 2016 on the protection of natural persons with regard to the processing of personal data and on the free movement of such data and repealing Directive 95\/46\/EC), the Service Provider collects and processes the personal data of users in a [&hellip;]<\/p>\n","protected":false},"author":2,"featured_media":0,"parent":0,"menu_order":4,"comment_status":"closed","ping_status":"closed","template":"","meta":{"_et_pb_use_builder":"on","_et_pb_old_content":"","_et_gb_content_width":"","footnotes":""},"categories":[],"tags":[],"class_list":["post-4778","page","type-page","status-publish","hentry"],"_links":{"self":[{"href":"https:\/\/dialog-group.eu\/english\/wp-json\/wp\/v2\/pages\/4778","targetHints":{"allow":["GET"]}}],"collection":[{"href":"https:\/\/dialog-group.eu\/english\/wp-json\/wp\/v2\/pages"}],"about":[{"href":"https:\/\/dialog-group.eu\/english\/wp-json\/wp\/v2\/types\/page"}],"author":[{"embeddable":true,"href":"https:\/\/dialog-group.eu\/english\/wp-json\/wp\/v2\/users\/2"}],"replies":[{"embeddable":true,"href":"https:\/\/dialog-group.eu\/english\/wp-json\/wp\/v2\/comments?post=4778"}],"version-history":[{"count":6,"href":"https:\/\/dialog-group.eu\/english\/wp-json\/wp\/v2\/pages\/4778\/revisions"}],"predecessor-version":[{"id":5058,"href":"https:\/\/dialog-group.eu\/english\/wp-json\/wp\/v2\/pages\/4778\/revisions\/5058"}],"wp:attachment":[{"href":"https:\/\/dialog-group.eu\/english\/wp-json\/wp\/v2\/media?parent=4778"}],"wp:term":[{"taxonomy":"category","embeddable":true,"href":"https:\/\/dialog-group.eu\/english\/wp-json\/wp\/v2\/categories?post=4778"},{"taxonomy":"post_tag","embeddable":true,"href":"https:\/\/dialog-group.eu\/english\/wp-json\/wp\/v2\/tags?post=4778"}],"curies":[{"name":"wp","href":"https:\/\/api.w.org\/{rel}","templated":true}]}}