{"id":42,"date":"2022-08-08T13:21:26","date_gmt":"2022-08-08T11:21:26","guid":{"rendered":"https:\/\/dialog-group.eu\/?page_id=42"},"modified":"2024-06-05T11:57:39","modified_gmt":"2024-06-05T09:57:39","slug":"strani-jezici","status":"publish","type":"page","link":"https:\/\/dialog-group.eu\/english\/hrv\/strani-jezici\/","title":{"rendered":"Foreign languages"},"content":{"rendered":"<p>[et_pb_section fb_built=&#8221;1&#8243; _builder_version=&#8221;4.18.0&#8243; _module_preset=&#8221;default&#8221; min_height=&#8221;192.8px&#8221; custom_margin=&#8221;0px|0px|-111px|0px|false|false&#8221; custom_padding=&#8221;36px||||false|false&#8221; global_colors_info=&#8221;{}&#8221; locked=&#8221;off&#8221;][et_pb_row custom_padding_last_edited=&#8221;on|phone&#8221; _builder_version=&#8221;4.20.2&#8243; _module_preset=&#8221;default&#8221; custom_margin_tablet=&#8221;&#8221; custom_margin_phone=&#8221;-24px||-350px||false|false&#8221; custom_margin_last_edited=&#8221;on|phone&#8221; custom_padding=&#8221;0px|||||&#8221; custom_padding_tablet=&#8221;0px|||||&#8221; custom_padding_phone=&#8221;0px|||||&#8221; global_colors_info=&#8221;{}&#8221;][et_pb_column type=&#8221;4_4&#8243; _builder_version=&#8221;4.16&#8243; _module_preset=&#8221;default&#8221; global_colors_info=&#8221;{}&#8221;][et_pb_text _builder_version=&#8221;4.25.1&#8243; _module_preset=&#8221;b3e3ff14-5f5c-4608-8ecf-1885ce3da7aa&#8221; header_font=&#8221;|700|||||||&#8221; header_text_color=&#8221;#333333&#8243; header_font_size=&#8221;50px&#8221; custom_margin=&#8221;|-172px|10px||false|false&#8221; custom_padding=&#8221;|0px||||&#8221; animation_direction=&#8221;left&#8221; hover_enabled=&#8221;0&#8243; header_font_size_tablet=&#8221;56px&#8221; header_font_size_phone=&#8221;32px&#8221; header_font_size_last_edited=&#8221;on|phone&#8221; global_colors_info=&#8221;{}&#8221; sticky_enabled=&#8221;0&#8243;]<\/p>\n<h1>Strani jezici<\/h1>\n<p>[\/et_pb_text][et_pb_divider color=&#8221;#6D2468&#8243; divider_weight=&#8221;8px&#8221; _builder_version=&#8221;4.20.2&#8243; _module_preset=&#8221;default&#8221; width=&#8221;9%&#8221; global_colors_info=&#8221;{}&#8221;][\/et_pb_divider][\/et_pb_column][\/et_pb_row][\/et_pb_section][et_pb_section fb_built=&#8221;1&#8243; _builder_version=&#8221;4.18.0&#8243; _module_preset=&#8221;default&#8221; background_color=&#8221;rgba(178,178,178,0.09)&#8221; custom_padding=&#8221;||61px|||&#8221; top_divider_color=&#8221;#6D2468&#8243; top_divider_height=&#8221;64px&#8221; hover_enabled=&#8221;0&#8243; global_colors_info=&#8221;{}&#8221; custom_margin=&#8221;54px||||false|false&#8221; sticky_enabled=&#8221;0&#8243;][et_pb_row _builder_version=&#8221;4.18.0&#8243; _module_preset=&#8221;default&#8221; global_colors_info=&#8221;{}&#8221;][et_pb_column type=&#8221;4_4&#8243; _builder_version=&#8221;4.18.0&#8243; _module_preset=&#8221;default&#8221; global_colors_info=&#8221;{}&#8221;][et_pb_text _builder_version=&#8221;4.18.0&#8243; _module_preset=&#8221;90865f4d-2cce-42a7-b40e-d3fbad25605a&#8221; text_font=&#8221;||||||||&#8221; header_font=&#8221;|800|||||||&#8221; header_2_font=&#8221;Teko|700|||||||&#8221; header_2_text_color=&#8221;#000000&#8243; header_2_font_size=&#8221;48px&#8221; header_3_font=&#8221;|||on|||||&#8221; header_3_text_align=&#8221;left&#8221; header_3_text_color=&#8221;#6D2468&#8243; header_3_font_size=&#8221;19px&#8221; custom_margin=&#8221;||10px||false|false&#8221; animation_style=&#8221;fade&#8221; header_2_font_size_tablet=&#8221;30px&#8221; header_2_font_size_phone=&#8221;24px&#8221; header_2_font_size_last_edited=&#8221;on|phone&#8221; locked=&#8221;off&#8221; global_colors_info=&#8221;{}&#8221;]<\/p>\n<h3>Upi\u0161i te\u010daj STRANOG jezika u centru EUDIALOG<\/h3>\n<p>[\/et_pb_text][et_pb_text _builder_version=&#8221;4.18.0&#8243; _module_preset=&#8221;90865f4d-2cce-42a7-b40e-d3fbad25605a&#8221; text_font=&#8221;||||||||&#8221; header_font=&#8221;|800|||||||&#8221; header_2_font=&#8221;Teko|700|||||||&#8221; header_2_text_color=&#8221;#000000&#8243; header_2_font_size=&#8221;48px&#8221; header_3_font=&#8221;|800|||||||&#8221; header_3_text_align=&#8221;left&#8221; header_3_text_color=&#8221;#333333&#8243; header_3_font_size=&#8221;54px&#8221; custom_margin=&#8221;||10px||false|false&#8221; animation_style=&#8221;fade&#8221; header_2_font_size_tablet=&#8221;30px&#8221; header_2_font_size_phone=&#8221;24px&#8221; header_2_font_size_last_edited=&#8221;on|phone&#8221; locked=&#8221;off&#8221; global_colors_info=&#8221;{}&#8221;]<\/p>\n<h3>Koji te jezik zanima?<\/h3>\n<p>[\/et_pb_text][et_pb_divider color=&#8221;#6D2468&#8243; divider_weight=&#8221;7px&#8221; _builder_version=&#8221;4.18.0&#8243; _module_preset=&#8221;default&#8221; width=&#8221;10%&#8221; global_colors_info=&#8221;{}&#8221;][\/et_pb_divider][\/et_pb_column][\/et_pb_row][et_pb_row _builder_version=&#8221;4.18.0&#8243; _module_preset=&#8221;default&#8221; global_colors_info=&#8221;{}&#8221;][et_pb_column type=&#8221;4_4&#8243; _builder_version=&#8221;4.18.0&#8243; _module_preset=&#8221;default&#8221; global_colors_info=&#8221;{}&#8221;][dsm_image_accordion image_accordion_animation=&#8221;push_down&#8221; image_accordion_animation_sequence=&#8221;on&#8221; ia_height=&#8221;501px&#8221; ia_direction_tablet=&#8221;&#8221; ia_direction_phone=&#8221;vertical&#8221; ia_direction_last_edited=&#8221;on|phone&#8221; ia_height_tablet=&#8221;501px&#8221; ia_height_phone=&#8221;551px&#8221; ia_height_last_edited=&#8221;on|phone&#8221; _builder_version=&#8221;4.25.1&#8243; _module_preset=&#8221;default&#8221; background_enable_color=&#8221;off&#8221; animation_style=&#8221;slide&#8221; animation_direction=&#8221;bottom&#8221; animation_duration=&#8221;2000ms&#8221; border_radii=&#8221;on|16px|16px|16px|16px&#8221; border_width_all=&#8221;3px&#8221; border_color_all=&#8221;#6D2468&#8243; box_shadow_style=&#8221;preset3&#8243; global_colors_info=&#8221;{}&#8221;][dsm_image_accordion_child expanded_item=&#8221;on&#8221; image_accordion_src=&#8221;https:\/\/dialog-group.eu\/wp-content\/uploads\/2022\/08\/pexels-ingo-joseph-109629-transformed.jpeg&#8221; use_accordion_icon=&#8221;off&#8221; image_accordion_title=&#8221;NJEMA\u010cKI JEZIK&#8221; show_ia_button=&#8221;on&#8221; ia_button_text=&#8221;saznaj vi\u0161e&#8221; ia_button_link=&#8221;@ET-DC@eyJkeW5hbWljIjp0cnVlLCJjb250ZW50IjoicG9zdF9saW5rX3VybF9wYWdlIiwic2V0dGluZ3MiOnsicG9zdF9pZCI6Ijc3NSJ9fQ==@&#8221; ia_button_link_target=&#8221;1&#8243; _builder_version=&#8221;4.25.1&#8243; _dynamic_attributes=&#8221;ia_button_link,link_option_url&#8221; _module_preset=&#8221;default&#8221; title_font=&#8221;|800|||||||&#8221; title_font_size=&#8221;49px&#8221; desc_font_size=&#8221;23px&#8221; custom_button=&#8221;on&#8221; button_text_color=&#8221;#333333&#8243; button_bg_color=&#8221;#FFFFFF&#8221; button_border_radius=&#8221;7px&#8221; button_icon=&#8221;&#x24;||divi||400&#8243; link_option_url=&#8221;@ET-DC@eyJkeW5hbWljIjp0cnVlLCJjb250ZW50IjoicG9zdF9saW5rX3VybF9wYWdlIiwic2V0dGluZ3MiOnsicG9zdF9pZCI6Ijc3NSJ9fQ==@&#8221; title_text_shadow_style=&#8221;preset3&#8243; box_shadow_style_button=&#8221;preset3&#8243; global_colors_info=&#8221;{}&#8221; overlay_color__hover_enabled=&#8221;on|hover&#8221; overlay_color__hover=&#8221;rgba(51,51,51,0.74)&#8221;][\/dsm_image_accordion_child][dsm_image_accordion_child expanded_item=&#8221;on&#8221; image_accordion_src=&#8221;https:\/\/dialog-group.eu\/wp-content\/uploads\/2022\/08\/sabrina-mazzeo-g-krQzQo9mI-unsplash-transformed.jpeg&#8221; use_accordion_icon=&#8221;off&#8221; image_accordion_title=&#8221;ENGLESKI JEZIK&#8221; show_ia_button=&#8221;on&#8221; ia_button_text=&#8221;saznaj vi\u0161e&#8221; ia_button_link=&#8221;@ET-DC@eyJkeW5hbWljIjp0cnVlLCJjb250ZW50IjoicG9zdF9saW5rX3VybF9wYWdlIiwic2V0dGluZ3MiOnsicG9zdF9pZCI6Ijc3NiJ9fQ==@&#8221; ia_button_link_target=&#8221;1&#8243; _builder_version=&#8221;4.25.1&#8243; _dynamic_attributes=&#8221;ia_button_link,link_option_url&#8221; _module_preset=&#8221;default&#8221; title_font=&#8221;|800|||||||&#8221; title_font_size=&#8221;49px&#8221; desc_font_size=&#8221;23px&#8221; custom_button=&#8221;on&#8221; button_text_color=&#8221;#333333&#8243; button_bg_color=&#8221;#FFFFFF&#8221; button_border_radius=&#8221;7px&#8221; button_icon=&#8221;&#x24;||divi||400&#8243; link_option_url=&#8221;@ET-DC@eyJkeW5hbWljIjp0cnVlLCJjb250ZW50IjoicG9zdF9saW5rX3VybF9wYWdlIiwic2V0dGluZ3MiOnsicG9zdF9pZCI6Ijc3NiJ9fQ==@&#8221; title_text_shadow_style=&#8221;preset3&#8243; box_shadow_style_button=&#8221;preset3&#8243; global_colors_info=&#8221;{}&#8221; overlay_color__hover_enabled=&#8221;on|hover&#8221; overlay_color__hover=&#8221;rgba(51,51,51,0.74)&#8221;][\/dsm_image_accordion_child][dsm_image_accordion_child expanded_item=&#8221;on&#8221; image_accordion_src=&#8221;https:\/\/dialog-group.eu\/wp-content\/uploads\/2022\/08\/pexels-davide-cacciatori-3762321-transformed.jpeg&#8221; use_accordion_icon=&#8221;off&#8221; image_accordion_title=&#8221;TALIJANSKI JEZIK&#8221; show_ia_button=&#8221;on&#8221; ia_button_text=&#8221;saznaj vi\u0161e&#8221; ia_button_link=&#8221;@ET-DC@eyJkeW5hbWljIjp0cnVlLCJjb250ZW50IjoicG9zdF9saW5rX3VybF9wYWdlIiwic2V0dGluZ3MiOnsicG9zdF9pZCI6Ijc3NyJ9fQ==@&#8221; ia_button_link_target=&#8221;1&#8243; _builder_version=&#8221;4.25.1&#8243; _dynamic_attributes=&#8221;ia_button_link,link_option_url&#8221; _module_preset=&#8221;default&#8221; title_font=&#8221;|800|||||||&#8221; title_font_size=&#8221;49px&#8221; desc_font_size=&#8221;23px&#8221; custom_button=&#8221;on&#8221; button_text_color=&#8221;#333333&#8243; button_bg_color=&#8221;#FFFFFF&#8221; button_border_radius=&#8221;7px&#8221; button_icon=&#8221;&#x24;||divi||400&#8243; link_option_url=&#8221;@ET-DC@eyJkeW5hbWljIjp0cnVlLCJjb250ZW50IjoicG9zdF9saW5rX3VybF9wYWdlIiwic2V0dGluZ3MiOnsicG9zdF9pZCI6Ijc3NyJ9fQ==@&#8221; title_text_shadow_style=&#8221;preset3&#8243; box_shadow_style_button=&#8221;preset3&#8243; global_colors_info=&#8221;{}&#8221; overlay_color__hover_enabled=&#8221;on|hover&#8221; overlay_color__hover=&#8221;rgba(51,51,51,0.74)&#8221;][\/dsm_image_accordion_child][\/dsm_image_accordion][\/et_pb_column][\/et_pb_row][\/et_pb_section][et_pb_section fb_built=&#8221;1&#8243; _builder_version=&#8221;4.24.2&#8243; _module_preset=&#8221;default&#8221; top_divider_style=&#8221;slant&#8221; top_divider_color=&#8221;#333333&#8243; top_divider_height=&#8221;69px&#8221; top_divider_flip=&#8221;horizontal&#8221; bottom_divider_style=&#8221;slant&#8221; bottom_divider_color=&#8221;#333333&#8243; bottom_divider_flip=&#8221;horizontal&#8221; global_colors_info=&#8221;{}&#8221;][et_pb_row _builder_version=&#8221;4.18.0&#8243; _module_preset=&#8221;default&#8221; custom_padding=&#8221;91px|||||&#8221; animation_style=&#8221;fade&#8221; global_colors_info=&#8221;{}&#8221;][et_pb_column type=&#8221;4_4&#8243; _builder_version=&#8221;4.18.0&#8243; _module_preset=&#8221;default&#8221; global_colors_info=&#8221;{}&#8221;][et_pb_text _builder_version=&#8221;4.18.0&#8243; _module_preset=&#8221;default&#8221; text_font_size=&#8221;18px&#8221; global_colors_info=&#8221;{}&#8221;]<\/p>\n<p>U centru EUDIALOG najvi\u0161e pozornosti pridajemo komunikaciji, i to pomo\u0107u CLT (Communicative Language Teaching) metode.<\/p>\n<p>[\/et_pb_text][\/et_pb_column][\/et_pb_row][et_pb_row column_structure=&#8221;1_2,1_2&#8243; _builder_version=&#8221;4.20.2&#8243; _module_preset=&#8221;default&#8221; animation_direction=&#8221;right&#8221; global_colors_info=&#8221;{}&#8221;][et_pb_column type=&#8221;1_2&#8243; _builder_version=&#8221;4.18.0&#8243; _module_preset=&#8221;default&#8221; global_colors_info=&#8221;{}&#8221;][et_pb_image src=&#8221;https:\/\/dialog-group.eu\/wp-content\/uploads\/2022\/08\/waldemar-brandt-U3Ptj3jafX8-unsplash-transformed.jpeg&#8221; alt=&#8221;strani jezici eudialog2&#8243; title_text=&#8221;strani jezici eudialog2&#8243; _builder_version=&#8221;4.18.0&#8243; _module_preset=&#8221;default&#8221; border_radii=&#8221;off|52px|||52px&#8221; global_colors_info=&#8221;{}&#8221;][\/et_pb_image][\/et_pb_column][et_pb_column type=&#8221;1_2&#8243; _builder_version=&#8221;4.18.0&#8243; _module_preset=&#8221;default&#8221; global_colors_info=&#8221;{}&#8221;][et_pb_text _builder_version=&#8221;4.18.0&#8243; _module_preset=&#8221;default&#8221; text_font_size=&#8221;18px&#8221; text_letter_spacing=&#8221;1px&#8221; custom_margin=&#8221;66px|||||&#8221; global_colors_info=&#8221;{}&#8221;]<\/p>\n<p>Ova metoda usmjerena je na podu\u010davanje polaznika kako komunicirati na stranom jeziku u situacijama koje su svakodnevne i \u010deste.<\/p>\n<p>Podu\u010davaju se pojmovi kao \u0161to su vrijeme, udaljenost, lokacije i postavljanje raznih upita. Polaznika se podu\u010dava snala\u017eenju u situacijama koje mogu sresti tijekom putovanja i boravka u stranoj zemlji.<\/p>\n<p>[\/et_pb_text][\/et_pb_column][\/et_pb_row][et_pb_row column_structure=&#8221;1_2,1_2&#8243; _builder_version=&#8221;4.20.2&#8243; _module_preset=&#8221;default&#8221; animation_direction=&#8221;left&#8221; global_colors_info=&#8221;{}&#8221;][et_pb_column type=&#8221;1_2&#8243; _builder_version=&#8221;4.18.0&#8243; _module_preset=&#8221;default&#8221; global_colors_info=&#8221;{}&#8221;][et_pb_text _builder_version=&#8221;4.18.0&#8243; _module_preset=&#8221;default&#8221; text_font_size=&#8221;18px&#8221; text_letter_spacing=&#8221;1px&#8221; custom_padding=&#8221;93px|||||&#8221; global_colors_info=&#8221;{}&#8221;]<\/p>\n<p>Na\u0161a je misija da na jedan zabavan na\u010din i opu\u0161ten pristup usvojite nova znanja iz stranih jezika.<\/p>\n<p>Cilj nam je da spojite ugodno sa korisnim, tj. da u\u017eivate u u\u010denju stranih jezika, a da ste\u010deno znanje primijenite prilikom zaposlenja.<\/p>\n<p>[\/et_pb_text][\/et_pb_column][et_pb_column type=&#8221;1_2&#8243; _builder_version=&#8221;4.18.0&#8243; _module_preset=&#8221;default&#8221; global_colors_info=&#8221;{}&#8221;][et_pb_image src=&#8221;https:\/\/dialog-group.eu\/wp-content\/uploads\/2022\/08\/brett-jordan-POMpXtcVYHo-unsplash-transformed.jpeg&#8221; alt=&#8221;strani jezici eudialog1&#8243; title_text=&#8221;strani jezici eudialog1&#8243; _builder_version=&#8221;4.18.0&#8243; _module_preset=&#8221;default&#8221; border_radii=&#8221;off||52px|52px|&#8221; global_colors_info=&#8221;{}&#8221;][\/et_pb_image][\/et_pb_column][\/et_pb_row][et_pb_row _builder_version=&#8221;4.18.0&#8243; _module_preset=&#8221;default&#8221; custom_padding=&#8221;99px|||||&#8221; global_colors_info=&#8221;{}&#8221;][et_pb_column type=&#8221;4_4&#8243; _builder_version=&#8221;4.18.0&#8243; _module_preset=&#8221;default&#8221; global_colors_info=&#8221;{}&#8221;][et_pb_text _builder_version=&#8221;4.20.2&#8243; _module_preset=&#8221;90865f4d-2cce-42a7-b40e-d3fbad25605a&#8221; text_font=&#8221;||||||||&#8221; header_font=&#8221;|800|||||||&#8221; header_2_font=&#8221;Teko|700|||||||&#8221; header_2_text_color=&#8221;#000000&#8243; header_2_font_size=&#8221;48px&#8221; header_3_font=&#8221;|800|||||||&#8221; header_3_text_align=&#8221;left&#8221; header_3_text_color=&#8221;#333333&#8243; header_3_font_size=&#8221;54px&#8221; custom_margin=&#8221;||10px||false|false&#8221; animation_direction=&#8221;left&#8221; header_2_font_size_tablet=&#8221;30px&#8221; header_2_font_size_phone=&#8221;24px&#8221; header_2_font_size_last_edited=&#8221;on|phone&#8221; header_3_font_size_tablet=&#8221;54px&#8221; header_3_font_size_phone=&#8221;31px&#8221; header_3_font_size_last_edited=&#8221;on|phone&#8221; locked=&#8221;off&#8221; global_colors_info=&#8221;{}&#8221;]<\/p>\n<h3>Te\u010daj stranog jezika &#8211; opisi razina<\/h3>\n<p>[\/et_pb_text][et_pb_divider divider_weight=&#8221;8px&#8221; _builder_version=&#8221;4.20.2&#8243; _module_preset=&#8221;default&#8221; width=&#8221;24%&#8221; global_colors_info=&#8221;{}&#8221;][\/et_pb_divider][et_pb_accordion closed_toggle_text_color=&#8221;#8E4C7E&#8221; icon_color=&#8221;#6D2468&#8243; _builder_version=&#8221;4.20.2&#8243; _module_preset=&#8221;default&#8221; toggle_text_color=&#8221;#6D2468&#8243; toggle_level=&#8221;h3&#8243; toggle_font=&#8221;|700|||||||&#8221; border_radii=&#8221;on|14px|14px|14px|14px&#8221; box_shadow_style=&#8221;preset3&#8243; global_colors_info=&#8221;{}&#8221;][et_pb_accordion_item title=&#8221;A1.1 + A1.2 &#8211; Te\u010daj za polaznike bez predznanja jezika&#8221; open=&#8221;on&#8221; _builder_version=&#8221;4.18.0&#8243; _module_preset=&#8221;default&#8221; global_colors_info=&#8221;{}&#8221;]<\/p>\n<p>Opis te\u010daja: predstavljanje, osnovno opisivanje lokacije i snala\u017eenje u gradu, jednostavni razgovori s obitelji i poznanicima, razgovori o odje\u0107i, hrani i dnevnim aktivnostima, opisivanje vremenskih uvjeta, zdravlje, hobiji, interesi,\u2026<\/p>\n<p>Nakon savladane razine A1 mo\u0107i \u0107ete razumjeti i upotrebljavati svakodnevne izraze i osnovne fraze, predstaviti sebe i druge te pitati osobna pitanja (gdje netko \u017eivi, koga zna, \u0161to posjeduje) te na ta pitanja odgovoriti, jednostavno komunicirati s nekime ako osoba pri\u010da jasno i polako.<\/p>\n<p>[\/et_pb_accordion_item][et_pb_accordion_item title=&#8221;A2.1 + A2.2 &#8211; Te\u010daj za polaznike kojima je znanje jezika na razini A1&#8243; _builder_version=&#8221;4.18.0&#8243; _module_preset=&#8221;default&#8221; global_colors_info=&#8221;{}&#8221;]<\/p>\n<p>Opis te\u010daja: pri\u010danje doga\u0111aja u pro\u0161losti, zanimljivih pri\u010da, va\u017enih prekretnica, raspravljanje o putovanjima, odmorima i destinacijama, razgovaranje o filmovima, osnovna socijalizacija na poslu, prisustvovanje poslovnim sastancima o poznatim temama,\u2026<\/p>\n<p>Nakon savladane razine A2 mo\u0107i \u0107ete razumjeti re\u010denice i u\u010destale izraze vezane za osnovne osobne i obiteljske informacije, kupovinu, lokaciju na kojoj se nalazite, zaposlenje; mo\u0107i \u0107ete razgovarati u vezi jednostavnih i rutinskih zadataka te jednostavno opisati iskustva i neposrednu okolinu.<\/p>\n<p>[\/et_pb_accordion_item][et_pb_accordion_item title=&#8221;B1.1 + B1.2 &#8211; Te\u010daj za polaznike kojima je znanje jezika na razini A2&#8243; _builder_version=&#8221;4.18.0&#8243; _module_preset=&#8221;default&#8221; global_colors_info=&#8221;{}&#8221;]<\/p>\n<p>Opis te\u010daja: raspravljanje o osobnim i profesionalnim aspiracijama, dogovaranje razgovora za posao i sudjelovanje na njemu, opisivanje obrazovanja i planova za budu\u0107e osposobljavanje, razgovaranje o glazbi, televizijskim programima, zdravim navikama, raspravljanje o sigurnosti na radnom mjestu te obja\u0161njavanje pravila vezanih za to.<\/p>\n<p>Nakon savladane razine B1 mo\u0107i \u0107ete razumjeti glavni smisao poznatih tema s kojima biste se mogli susretati na poslu, u \u0161koli, u slobodnom vremenu, mo\u0107i \u0107ete se sna\u0107i u ve\u0107ini situacija koje se dogode za vrijeme putovanja, opisati iskustva i doga\u0111aje, aspiracije i ukratko ponuditi obja\u0161njenja i razloge za mi\u0161ljenja i planove.<\/p>\n<p>[\/et_pb_accordion_item][et_pb_accordion_item title=&#8221;B2.1 + B2.2 &#8211; Te\u010daj za polaznike kojima je znanje jezika na razini B1&#8243; _builder_version=&#8221;4.18.0&#8243; _module_preset=&#8221;default&#8221; global_colors_info=&#8221;{}&#8221;]<\/p>\n<p>Opis te\u010daja: sudjelovanje na sastancima vezanima za Va\u0161e podru\u010dje stru\u010dnosti, razgovaranje o osobnim financijama i sposobnost davanja savjeta prijateljima i kolegama o njihovim financijama, razgovaranje o osobnom i profesionalnom \u017eivotnom stilu, obrazovanju, iskustvu, osobnim prednostima i manama, upotrebljavanje prikladnog registra u dru\u0161tvenim situacijama<\/p>\n<p>Nakon savladane razine B2 mo\u0107i \u0107ete razumjeti glavne teme slo\u017eenih tekstova, spontano i djelomi\u010dno te\u010dno komunicirati s izvornim govornicima, sastavljati tekstove na velik broj tema te u njima objasniti svoje stajali\u0161te, kao i prednosti i nedostatke odre\u0111enih tema rasprave.<\/p>\n<p>[\/et_pb_accordion_item][et_pb_accordion_item title=&#8221;C1.1 + C1.2 &#8211; Te\u010daj za polaznike kojima je znanje jezika na razini B2&#8243; _builder_version=&#8221;4.18.0&#8243; _module_preset=&#8221;default&#8221; global_colors_info=&#8221;{}&#8221;]<\/p>\n<p>Opis te\u010daja: raspravljanje o dru\u0161tvenim problemima i mogu\u0107im rje\u0161enjima za te probleme, razumijevanje razli\u010ditih stilova komunikacije (izravna, neizravna, formalna, neformalna), raspravljanje o temama vezanima za kvalitetu \u017eivota, ravnote\u017eu poslovnog i privatnog \u017eivota, sudjelovanje u raspravama o o\u010duvanju, odr\u017eavanju i za\u0161titi okoli\u0161a.<\/p>\n<p>Nakon savladane razine C1 mo\u0107i \u0107ete razumjeti \u0161irok spektar zahtjevnih i te\u017eih tekstova, te\u010dno i spontano izraziti svoje ideje, jezik upotrebljavati fleksibilno i u\u010dinkovito ovisno o dru\u0161tvenoj, akademskoj i profesionalnoj svrsi, sastaviti jasan i strukturiran tekst o slo\u017eenim temama<\/p>\n<p>[\/et_pb_accordion_item][\/et_pb_accordion][\/et_pb_column][\/et_pb_row][\/et_pb_section][et_pb_section fb_built=&#8221;1&#8243; _builder_version=&#8221;4.18.0&#8243; _module_preset=&#8221;default&#8221; global_colors_info=&#8221;{}&#8221;][et_pb_row _builder_version=&#8221;4.18.0&#8243; _module_preset=&#8221;default&#8221; global_colors_info=&#8221;{}&#8221;][et_pb_column type=&#8221;4_4&#8243; _builder_version=&#8221;4.18.0&#8243; _module_preset=&#8221;default&#8221; global_colors_info=&#8221;{}&#8221;][et_pb_text _builder_version=&#8221;4.20.2&#8243; _module_preset=&#8221;90865f4d-2cce-42a7-b40e-d3fbad25605a&#8221; text_font=&#8221;||||||||&#8221; header_font=&#8221;|800|||||||&#8221; header_2_font=&#8221;Teko|700|||||||&#8221; header_2_text_color=&#8221;#000000&#8243; header_2_font_size=&#8221;48px&#8221; header_3_font=&#8221;|800|||||||&#8221; header_3_text_align=&#8221;left&#8221; header_3_text_color=&#8221;#333333&#8243; header_3_font_size=&#8221;30px&#8221; custom_margin=&#8221;||10px||false|false&#8221; animation_direction=&#8221;left&#8221; header_2_font_size_tablet=&#8221;30px&#8221; header_2_font_size_phone=&#8221;24px&#8221; header_2_font_size_last_edited=&#8221;on|phone&#8221; header_3_text_color_tablet=&#8221;#333333&#8243; header_3_text_color_phone=&#8221;#333333&#8243; header_3_text_color_last_edited=&#8221;on|phone&#8221; locked=&#8221;off&#8221; global_colors_info=&#8221;{}&#8221;]<\/p>\n<h3>Prijava na testiranje razine znanja<\/h3>\n<p>[\/et_pb_text][et_pb_divider divider_weight=&#8221;8px&#8221; _builder_version=&#8221;4.20.2&#8243; _module_preset=&#8221;default&#8221; width=&#8221;24%&#8221; global_colors_info=&#8221;{}&#8221;][\/et_pb_divider][\/et_pb_column][\/et_pb_row][et_pb_row _builder_version=&#8221;4.18.0&#8243; _module_preset=&#8221;default&#8221; global_colors_info=&#8221;{}&#8221;][et_pb_column type=&#8221;4_4&#8243; _builder_version=&#8221;4.18.0&#8243; _module_preset=&#8221;default&#8221; global_colors_info=&#8221;{}&#8221;][ba_cf7_styler form_header_padding=&#8221;23px|42px|0px|42px|false|true&#8221; form_bg=&#8221;rgba(255,255,255,0)&#8221; form_padding=&#8221;43px|42px|43px|42px|true|true&#8221; form_id=&#8221;1779&#8243; form_field_height=&#8221;50px&#8221; form_field_padding=&#8221;3px|15px|3px|15px|true|false&#8221; form_field_active_color=&#8221;#6D2468&#8243; form_field_spacing=&#8221;45px&#8221; cr_custom_styles=&#8221;on&#8221; cr_background_color=&#8221;rgba(255,255,255,0)&#8221; cr_selected_color=&#8221;#6D2468&#8243; cr_border_color=&#8221;rgba(255,255,255,0)&#8221; cr_border_size=&#8221;4px&#8221; cr_label_color=&#8221;#333333&#8243; cf7_message_color=&#8221;#f20000&#8243; cf7_message_bg_color=&#8221;RGBA(255,255,255,0)&#8221; cf7_border_highlight_color=&#8221;#333333&#8243; cf7_success_message_color=&#8221;RGBA(255,255,255,0)&#8221; cf7_success_message_bg_color=&#8221;RGBA(255,255,255,0)&#8221; cf7_success_border_color=&#8221;#333333&#8243; cf7_error_message_color=&#8221;#f20000&#8243; cf7_error_message_bg_color=&#8221;RGBA(255,255,255,0)&#8221; cf7_error_border_color=&#8221;#f20000&#8243; _builder_version=&#8221;4.20.2&#8243; _module_preset=&#8221;default&#8221; form_field_font_text_color=&#8221;#6d2468&#8243; form_field_font_line_height=&#8221;2.5em&#8221; labels_text_color=&#8221;#333333&#8243; placeholder_text_color=&#8221;#333333&#8243; background_enable_pattern_style=&#8221;on&#8221; background_pattern_style=&#8221;honeycomb&#8221; background_pattern_color=&#8221;rgba(51,51,51,0.01)&#8221; animation_direction=&#8221;left&#8221; custom_css_cf7_labels=&#8221;display: block;&#8221; border_radii=&#8221;on|24px|24px|24px|24px&#8221; border_radii_field=&#8221;on|11px|11px|11px|11px&#8221; border_width_all_field=&#8221;0px&#8221; box_shadow_style=&#8221;preset1&#8243; global_colors_info=&#8221;{}&#8221;][\/ba_cf7_styler][\/et_pb_column][\/et_pb_row][\/et_pb_section]<\/p>\n","protected":false},"excerpt":{"rendered":"<p>Strani jeziciUpi\u0161i te\u010daj STRANOG jezika u centru EUDIALOGKoji te jezik zanima?<div class=\"et_pb_with_border et_pb_module dsm_image_accordion dsm_image_accordion_0 et_animated dsm_image_accordion_animation_push_down dsm_image_accordion_animation_sequence_on\">\n\t\t\t\t\n\t\t\t\t\n\t\t\t\t\n\t\t\t\t\n\t\t\t\t\n\t\t\t\t\n\t\t\t\t<div class=\"et_pb_module_inner\">\n\t\t\t\t\t<div class=\"dsm_image_accordion_wrapper dsm_image_accordion_trigger_on_hover\">\n                \n            <\/div>\n\t\t\t\t<\/div>\n\t\t\t<\/div><div class=\"et_pb_module dsm_image_accordion_child dsm_image_accordion_child_0 et_clickable dsm_image_accordion_horizontal_center dsm_image_accordion_vertical_center\">\n\t\t\t\t\n\t\t\t\t\n\t\t\t\t\n\t\t\t\t\n\t\t\t\t\n\t\t\t\t\n\t\t\t\t<div class=\"et_pb_module_inner\">\n\t\t\t\t\t<div class=\"dsm_image_accordion_child_content\">\n\t\t\t\t\n\t\t\t\t<h3 class=\"dsm_image_accordion_title\">&#8221;NJEMA\u010cKI<\/h3>\n\t\t\t\t\n\t\t\t\t\n\t\t\t<\/div>\n\t\t\t\t<\/div>\n\t\t\t<\/div><\/p>","protected":false},"author":2,"featured_media":0,"parent":20,"menu_order":3,"comment_status":"closed","ping_status":"closed","template":"","meta":{"_et_pb_use_builder":"on","_et_pb_old_content":"<!-- wp:divi\/placeholder \/-->","_et_gb_content_width":"","footnotes":""},"categories":[],"tags":[],"class_list":["post-42","page","type-page","status-publish","hentry"],"_links":{"self":[{"href":"https:\/\/dialog-group.eu\/english\/wp-json\/wp\/v2\/pages\/42","targetHints":{"allow":["GET"]}}],"collection":[{"href":"https:\/\/dialog-group.eu\/english\/wp-json\/wp\/v2\/pages"}],"about":[{"href":"https:\/\/dialog-group.eu\/english\/wp-json\/wp\/v2\/types\/page"}],"author":[{"embeddable":true,"href":"https:\/\/dialog-group.eu\/english\/wp-json\/wp\/v2\/users\/2"}],"replies":[{"embeddable":true,"href":"https:\/\/dialog-group.eu\/english\/wp-json\/wp\/v2\/comments?post=42"}],"version-history":[{"count":56,"href":"https:\/\/dialog-group.eu\/english\/wp-json\/wp\/v2\/pages\/42\/revisions"}],"predecessor-version":[{"id":4603,"href":"https:\/\/dialog-group.eu\/english\/wp-json\/wp\/v2\/pages\/42\/revisions\/4603"}],"up":[{"embeddable":true,"href":"https:\/\/dialog-group.eu\/english\/wp-json\/wp\/v2\/pages\/20"}],"wp:attachment":[{"href":"https:\/\/dialog-group.eu\/english\/wp-json\/wp\/v2\/media?parent=42"}],"wp:term":[{"taxonomy":"category","embeddable":true,"href":"https:\/\/dialog-group.eu\/english\/wp-json\/wp\/v2\/categories?post=42"},{"taxonomy":"post_tag","embeddable":true,"href":"https:\/\/dialog-group.eu\/english\/wp-json\/wp\/v2\/tags?post=42"}],"curies":[{"name":"wp","href":"https:\/\/api.w.org\/{rel}","templated":true}]}}