{"id":2485,"date":"2023-01-16T11:36:48","date_gmt":"2023-01-16T10:36:48","guid":{"rendered":"https:\/\/dialog-group.eu\/?page_id=2485"},"modified":"2025-09-18T10:59:03","modified_gmt":"2025-09-18T08:59:03","slug":"cijene","status":"publish","type":"page","link":"https:\/\/dialog-group.eu\/english\/hrv\/cijene\/","title":{"rendered":"Pricing"},"content":{"rendered":"<p>[et_pb_section fb_built=&#8221;1&#8243; _builder_version=&#8221;4.18.0&#8243; _module_preset=&#8221;default&#8221; background_enable_pattern_style=&#8221;on&#8221; background_pattern_style=&#8221;smiles&#8221; background_pattern_color=&#8221;rgba(51,51,51,0.02)&#8221; background_pattern_horizontal_offset=&#8221;31%&#8221; global_colors_info=&#8221;{}&#8221;][et_pb_row _builder_version=&#8221;4.18.0&#8243; _module_preset=&#8221;default&#8221; global_colors_info=&#8221;{}&#8221;][et_pb_column type=&#8221;4_4&#8243; _builder_version=&#8221;4.18.0&#8243; _module_preset=&#8221;default&#8221; global_colors_info=&#8221;{}&#8221;][et_pb_text _builder_version=&#8221;4.20.2&#8243; _module_preset=&#8221;default&#8221; header_font=&#8221;|700|||on||||&#8221; header_text_align=&#8221;center&#8221; header_text_color=&#8221;#333333&#8243; header_font_size=&#8221;71px&#8221; header_font_size_tablet=&#8221;71px&#8221; header_font_size_phone=&#8221;53px&#8221; header_font_size_last_edited=&#8221;on|phone&#8221; global_colors_info=&#8221;{}&#8221;]<\/p>\n<h1>CIJENE<\/h1>\n<p>[\/et_pb_text][\/et_pb_column][\/et_pb_row][et_pb_row disabled_on=&#8221;on|on|off&#8221; _builder_version=&#8221;4.25.1&#8243; _module_preset=&#8221;default&#8221; custom_margin=&#8221;|auto|101px|auto||&#8221; animation_direction=&#8221;left&#8221; global_colors_info=&#8221;{}&#8221;][et_pb_column type=&#8221;4_4&#8243; _builder_version=&#8221;4.18.0&#8243; _module_preset=&#8221;default&#8221; global_colors_info=&#8221;{}&#8221;][et_pb_text _builder_version=&#8221;4.18.0&#8243; _module_preset=&#8221;default&#8221; text_font=&#8221;|700|||||||&#8221; text_text_color=&#8221;#333333&#8243; text_font_size=&#8221;32px&#8221; text_orientation=&#8221;center&#8221; global_colors_info=&#8221;{}&#8221;]<\/p>\n<p>\u00d6SD ISPITI<\/p>\n<p>[\/et_pb_text][et_pb_text disabled_on=&#8221;off|off|off&#8221; _builder_version=&#8221;4.25.1&#8243; _module_preset=&#8221;default&#8221; text_font_size=&#8221;17px&#8221; border_radii=&#8221;on|8px|8px|8px|8px&#8221; border_width_all=&#8221;2px&#8221; box_shadow_style=&#8221;preset2&#8243; global_colors_info=&#8221;{}&#8221;]<\/p>\n<table style=\"width: 100%; border-collapse: collapse; border-style: double; margin-left: auto; margin-right: auto; background-color: #ffffff; height: 136px;\" border=\"1\">\n<tbody>\n<tr style=\"background-color: #8e4c7e;\">\n<td style=\"width: 25%; text-align: center; height: 16px;\"><strong><span style=\"color: #ffffff;\">RAZINA<\/span><\/strong><\/td>\n<td style=\"width: 25%; text-align: center; height: 16px;\"><span style=\"color: #ffffff;\"><strong>CIJENA<\/strong><\/span><\/td>\n<\/tr>\n<tr style=\"height: 24px;\">\n<td style=\"width: 25%; text-align: center; height: 24px;\"><strong>Cijeli A1 ispit<\/strong><\/td>\n<td style=\"text-align: center; width: 25%; height: 24px;\">145,00 \u20ac<\/td>\n<\/tr>\n<tr style=\"height: 24px;\">\n<td style=\"width: 25%; text-align: center; height: 24px;\"><strong>Cijeli A2 ispit<\/strong><\/td>\n<td style=\"text-align: center; width: 25%; height: 24px;\">155,00 \u20ac<\/td>\n<\/tr>\n<tr style=\"height: 24px;\">\n<td style=\"width: 25%; text-align: center; height: 24px;\"><strong>Cijeli B1 ispit<\/strong><\/td>\n<td style=\"text-align: center; width: 25%; height: 24px;\">165,00 \u20ac<\/td>\n<\/tr>\n<tr style=\"height: 24px;\">\n<td style=\"width: 25%; text-align: center; height: 24px;\"><strong>Cijeli B2 ispit<\/strong><\/td>\n<td style=\"text-align: center; width: 25%; height: 24px;\">175,00 \u20ac<\/td>\n<\/tr>\n<tr style=\"height: 24px;\">\n<td style=\"width: 25%; text-align: center; height: 24px;\"><strong>Cijeli C1 ispit<\/strong><\/td>\n<td style=\"text-align: center; width: 25%; height: 24px;\">210,00 \u20ac<\/td>\n<\/tr>\n<\/tbody>\n<\/table>\n<p>[\/et_pb_text][\/et_pb_column][\/et_pb_row][et_pb_row disabled_on=&#8221;off|off|on&#8221; _builder_version=&#8221;4.25.1&#8243; _module_preset=&#8221;default&#8221; animation_style=&#8221;slide&#8221; animation_direction=&#8221;left&#8221; global_colors_info=&#8221;{}&#8221;][et_pb_column type=&#8221;4_4&#8243; _builder_version=&#8221;4.19.4&#8243; _module_preset=&#8221;default&#8221; global_colors_info=&#8221;{}&#8221;][et_pb_text _builder_version=&#8221;4.18.0&#8243; _module_preset=&#8221;default&#8221; text_font=&#8221;|700|||||||&#8221; text_text_color=&#8221;#333333&#8243; text_font_size=&#8221;32px&#8221; text_orientation=&#8221;center&#8221; global_colors_info=&#8221;{}&#8221;]<\/p>\n<p>\u00d6SD ISPITI<\/p>\n<p>[\/et_pb_text][et_pb_tabs _builder_version=&#8221;4.25.1&#8243; _module_preset=&#8221;default&#8221; global_colors_info=&#8221;{}&#8221;][et_pb_tab title=&#8221;CIJENA&#8221; _builder_version=&#8221;4.25.1&#8243; _module_preset=&#8221;default&#8221; tab_text_color=&#8221;#6D2468&#8243; tab_font_size=&#8221;19px&#8221; tab_letter_spacing=&#8221;1px&#8221; tab_line_height=&#8221;2em&#8221; global_colors_info=&#8221;{}&#8221;]<\/p>\n<p style=\"text-align: center;\"><strong>cijeli A1 ispit<\/strong>\u00a0 \u00a0 \u00a0<strong>145,00 \u20ac<\/strong><\/p>\n<p style=\"text-align: center;\"><strong>cijeli A2 ispit<\/strong>\u00a0 \u00a0 \u00a0<strong>155,00 \u20ac<\/strong><\/p>\n<p style=\"text-align: center;\"><strong>cijeli B1 ispit<\/strong>\u00a0 \u00a0 \u00a0 <strong>165,00 \u20ac<\/strong><\/p>\n<p style=\"text-align: center;\"><strong>cijeli B2 ispit<\/strong>\u00a0 \u00a0 \u00a0 <strong>175,00 \u20ac<\/strong><\/p>\n<p style=\"text-align: center;\"><strong>cijeli C1 ispit\u00a0 \u00a0\u00a0<\/strong> \u00a0<strong>210,00 \u20ac<\/strong><\/p>\n<p>[\/et_pb_tab][\/et_pb_tabs][\/et_pb_column][\/et_pb_row][et_pb_row _builder_version=&#8221;4.25.2&#8243; _module_preset=&#8221;default&#8221; global_colors_info=&#8221;{}&#8221;][et_pb_column type=&#8221;4_4&#8243; _builder_version=&#8221;4.25.2&#8243; _module_preset=&#8221;default&#8221; global_colors_info=&#8221;{}&#8221;][et_pb_text _builder_version=&#8221;4.25.2&#8243; _module_preset=&#8221;default&#8221; text_font=&#8221;|700|||||||&#8221; text_text_color=&#8221;#333333&#8243; text_font_size=&#8221;32px&#8221; text_orientation=&#8221;center&#8221; global_colors_info=&#8221;{}&#8221;]<\/p>\n<p>TE\u010cAJEVI*<\/p>\n<p>[\/et_pb_text][et_pb_text _builder_version=&#8221;4.25.2&#8243; _module_preset=&#8221;default&#8221; global_colors_info=&#8221;{}&#8221;]<\/p>\n<div><span lang=\"EN-US\" style=\"font-family: Calibri,sans-serif; font-size: 11pt;\">*U slu<\/span><span lang=\"HR\" style=\"font-family: Calibri,sans-serif; font-size: 11pt;\">\u010daju da se za te\u010daj u skupini prijavi manje od predvi\u0111enog minimalnog broja polaznika, organizator te\u010daja zadr\u017eava pravo umanjenja broja sati za prijavljeni te\u010daj.<\/span><\/div>\n<p>[\/et_pb_text][et_pb_text _builder_version=&#8221;4.25.2&#8243; _module_preset=&#8221;default&#8221; text_font_size=&#8221;19px&#8221; border_radii=&#8221;on|8px|8px|8px|8px&#8221; border_width_all=&#8221;1px&#8221; global_colors_info=&#8221;{}&#8221;]<\/p>\n<table style=\"border-collapse: collapse; width: 100%; height: 24px;\" border=\"1\">\n<tbody>\n<tr style=\"height: 24px;\">\n<td style=\"width: 50%; height: 24px; text-align: center;\"><strong>Te\u010daj stranog jezika<\/strong><\/td>\n<td style=\"width: 50%; height: 24px; text-align: center;\">285,00 EUR<\/td>\n<\/tr>\n<\/tbody>\n<\/table>\n<p>[\/et_pb_text][\/et_pb_column][\/et_pb_row][et_pb_row disabled_on=&#8221;off|off|off&#8221; _builder_version=&#8221;4.20.2&#8243; _module_preset=&#8221;default&#8221; animation_direction=&#8221;left&#8221; global_colors_info=&#8221;{}&#8221;][et_pb_column type=&#8221;4_4&#8243; _builder_version=&#8221;4.18.0&#8243; _module_preset=&#8221;default&#8221; global_colors_info=&#8221;{}&#8221;][et_pb_text _builder_version=&#8221;4.18.0&#8243; _module_preset=&#8221;default&#8221; text_font=&#8221;|700|||||||&#8221; text_text_color=&#8221;#333333&#8243; text_font_size=&#8221;32px&#8221; text_orientation=&#8221;center&#8221; global_colors_info=&#8221;{}&#8221;]<\/p>\n<p>PREVO\u0110ENJE*<\/p>\n<p>[\/et_pb_text][et_pb_text _builder_version=&#8221;4.19.4&#8243; _module_preset=&#8221;default&#8221; text_font_size=&#8221;19px&#8221; locked=&#8221;off&#8221; global_colors_info=&#8221;{}&#8221;]<\/p>\n<h6>* mogu\u0107nost popusta za stalne klijente i ve\u0107e narud\u017ebe<\/h6>\n<p>[\/et_pb_text][et_pb_tabs disabled_on=&#8221;off|off|on&#8221; _builder_version=&#8221;4.25.1&#8243; _module_preset=&#8221;default&#8221; hover_enabled=&#8221;0&#8243; global_colors_info=&#8221;{}&#8221; sticky_enabled=&#8221;0&#8243;][et_pb_tab title=&#8221;PREVO\u0110ENJE&#8221; _builder_version=&#8221;4.25.1&#8243; _module_preset=&#8221;default&#8221; tab_text_color=&#8221;#6D2468&#8243; tab_font_size=&#8221;19px&#8221; tab_letter_spacing=&#8221;1px&#8221; tab_line_height=&#8221;2em&#8221; hover_enabled=&#8221;0&#8243; global_colors_info=&#8221;{}&#8221; sticky_enabled=&#8221;0&#8243;]<\/p>\n<p style=\"text-align: center;\"><strong>Kartica teksta*<\/strong><\/p>\n<p style=\"text-align: center;\"><strong>20,00 EUR<\/strong><\/p>\n<p style=\"text-align: center;\"><strong>Ovjerena kartica teksta<\/strong><\/p>\n<p style=\"text-align: center;\"><strong>32,50 EUR<\/strong><\/p>\n<p>[\/et_pb_tab][\/et_pb_tabs][et_pb_text disabled_on=&#8221;on|on|off&#8221; _builder_version=&#8221;4.25.1&#8243; _module_preset=&#8221;default&#8221; text_font_size=&#8221;19px&#8221; border_radii=&#8221;on|8px|8px|8px|8px&#8221; border_width_all=&#8221;2px&#8221; box_shadow_style=&#8221;preset2&#8243; global_colors_info=&#8221;{}&#8221;]<\/p>\n<table style=\"width: 100%; border-collapse: collapse; border-style: double; margin-left: auto; margin-right: auto; background-color: #ffffff;\" border=\"1\">\n<tbody>\n<tr style=\"background-color: #8e4c7e;\">\n<td style=\"width: 25%; text-align: center;\"><\/td>\n<td style=\"width: 25%; text-align: center;\"><span style=\"color: #ffffff;\">CIJENA<\/span><\/td>\n<\/tr>\n<tr>\n<td style=\"width: 25%; text-align: center;\"><strong>Kartica teksta*<\/strong><\/td>\n<td style=\"width: 25%; text-align: center;\">20 EUR<\/td>\n<\/tr>\n<tr>\n<td style=\"width: 25%; text-align: center;\"><strong>Ovjerena kartica teksta<\/strong><\/td>\n<td style=\"width: 25%; text-align: center;\">32,50 EUR<\/td>\n<\/tr>\n<\/tbody>\n<\/table>\n<p>[\/et_pb_text][et_pb_text _builder_version=&#8221;4.25.1&#8243; _module_preset=&#8221;default&#8221; text_font_size=&#8221;19px&#8221; hover_enabled=&#8221;0&#8243; global_colors_info=&#8221;{}&#8221; sticky_enabled=&#8221;0&#8243;]<\/p>\n<h6>* kartica teksta: 1500 znakova s razmacima (to je otprilike rodni list, svjedod\u017eba, vjen\u010dani list, domovnica i sli\u010dno)<\/h6>\n<p>[\/et_pb_text][\/et_pb_column][\/et_pb_row][\/et_pb_section][et_pb_section fb_built=&#8221;1&#8243; admin_label=&#8221;CTA&#8221; _builder_version=&#8221;4.24.2&#8243; _module_preset=&#8221;default&#8221; background_color=&#8221;RGBA(255,255,255,0)&#8221; top_divider_style=&#8221;slant2&#8243; top_divider_color=&#8221;#333333&#8243; top_divider_height=&#8221;87px&#8221; top_divider_flip=&#8221;horizontal&#8221; locked=&#8221;off&#8221; global_colors_info=&#8221;{}&#8221;][et_pb_row column_structure=&#8221;1_2,1_2&#8243; _builder_version=&#8221;4.17.6&#8243; _module_preset=&#8221;default&#8221; global_colors_info=&#8221;{}&#8221;][et_pb_column type=&#8221;1_2&#8243; _builder_version=&#8221;4.16&#8243; _module_preset=&#8221;default&#8221; global_colors_info=&#8221;{}&#8221;][et_pb_text _builder_version=&#8221;4.24.2&#8243; _module_preset=&#8221;default&#8221; text_font_size=&#8221;30px&#8221; text_line_height=&#8221;1.8em&#8221; custom_margin=&#8221;43px||||false|false&#8221; global_colors_info=&#8221;{}&#8221;]<\/p>\n<p>&nbsp;<\/p>\n<p>NAZOVI NAS:<\/p>\n<p><strong>Hrvatska:<\/strong><br \/>098 134 0882<\/p>\n<p>&nbsp;<\/p>\n<p>[\/et_pb_text][\/et_pb_column][et_pb_column type=&#8221;1_2&#8243; _builder_version=&#8221;4.16&#8243; _module_preset=&#8221;default&#8221; custom_padding=&#8221;50px||||false|false&#8221; custom_padding_tablet=&#8221;&#8221; custom_padding_phone=&#8221;30px||||false|false&#8221; custom_padding_last_edited=&#8221;on|phone&#8221; global_colors_info=&#8221;{}&#8221;][et_pb_text _builder_version=&#8221;4.18.0&#8243; _module_preset=&#8221;90865f4d-2cce-42a7-b40e-d3fbad25605a&#8221; header_2_font=&#8221;Poppins|700|||||||&#8221; header_2_text_color=&#8221;#333333&#8243; header_2_font_size=&#8221;48px&#8221; custom_margin=&#8221;||10px||false|false&#8221; header_2_font_size_tablet=&#8221;30px&#8221; header_2_font_size_phone=&#8221;24px&#8221; header_2_font_size_last_edited=&#8221;on|phone&#8221; locked=&#8221;off&#8221; global_colors_info=&#8221;{}&#8221;]<\/p>\n<h2>Javi nam se<\/h2>\n<p>[\/et_pb_text][et_pb_divider color=&#8221;#6D2468&#8243; divider_weight=&#8221;5px&#8221; _builder_version=&#8221;4.17.6&#8243; _module_preset=&#8221;default&#8221; max_width=&#8221;50px&#8221; locked=&#8221;off&#8221; global_colors_info=&#8221;{}&#8221;][\/et_pb_divider][et_pb_contact_form email=&#8221;info@dialog-group.eu&#8221; success_message=&#8221;Hvala na upitu! Javit \u0107emo Vam se u \u0161to kra\u0107em roku.&#8221; submit_button_text=&#8221;Po\u0161alji&#8221; _builder_version=&#8221;4.25.1&#8243; _module_preset=&#8221;default&#8221; _unique_id=&#8221;e7edb1c8-1949-431b-9e9c-64235a8685d9&#8243; form_field_background_color=&#8221;RGBA(255,255,255,0)&#8221; title_text_align=&#8221;center&#8221; title_text_color=&#8221;#8E4C7E&#8221; title_line_height=&#8221;1.6em&#8221; form_field_font=&#8221;Poppins||||||||&#8221; custom_button=&#8221;on&#8221; button_text_color=&#8221;#FFFFFF&#8221; button_bg_color=&#8221;#6D2468&#8243; button_border_radius=&#8221;87px&#8221; custom_margin=&#8221;29px||||false|false&#8221; custom_padding=&#8221;0px|0px|0px|0px|true|true&#8221; border_radii=&#8221;on|10px|10px|10px|10px&#8221; border_width_all=&#8221;2px&#8221; border_color_all=&#8221;#6D2468&#8243; global_colors_info=&#8221;{}&#8221;][et_pb_contact_field field_id=&#8221;Ime&#8221; field_title=&#8221;Ime i prezime&#8221; fullwidth_field=&#8221;on&#8221; _builder_version=&#8221;4.17.6&#8243; _module_preset=&#8221;default&#8221; global_colors_info=&#8221;{}&#8221;][\/et_pb_contact_field][et_pb_contact_field field_id=&#8221;Email_Adresa&#8221; field_title=&#8221;Email Adresa&#8221; fullwidth_field=&#8221;on&#8221; _builder_version=&#8221;4.17.6&#8243; _module_preset=&#8221;default&#8221; custom_margin=&#8221;||37px||false|false&#8221; global_colors_info=&#8221;{}&#8221;][\/et_pb_contact_field][et_pb_contact_field field_id=&#8221;Opis&#8221; field_title=&#8221;Opis&#8221; field_type=&#8221;text&#8221; fullwidth_field=&#8221;on&#8221; _builder_version=&#8221;4.18.0&#8243; _module_preset=&#8221;default&#8221; custom_margin=&#8221;-21px||48px||false|false&#8221; global_colors_info=&#8221;{}&#8221;][\/et_pb_contact_field][\/et_pb_contact_form][\/et_pb_column][\/et_pb_row][\/et_pb_section]<\/p>\n","protected":false},"excerpt":{"rendered":"<p>CIJENE\u00d6SD ISPITI RAZINA CIJENA Cijeli A1 ispit 145,00 \u20ac Cijeli A2 ispit 155,00 \u20ac Cijeli B1 ispit 165,00 \u20ac Cijeli B2 ispit 175,00 \u20ac Cijeli C1 ispit 210,00 \u20ac \u00d6SD ISPITIcijeli A1 ispit\u00a0 \u00a0 \u00a0145,00 \u20ac cijeli A2 ispit\u00a0 \u00a0 \u00a0155,00 \u20ac cijeli B1 ispit\u00a0 \u00a0 \u00a0 165,00 \u20ac cijeli B2 ispit\u00a0 \u00a0 \u00a0 175,00 [&hellip;]<\/p>\n","protected":false},"author":2,"featured_media":0,"parent":20,"menu_order":18,"comment_status":"closed","ping_status":"closed","template":"","meta":{"_et_pb_use_builder":"on","_et_pb_old_content":"","_et_gb_content_width":"","footnotes":""},"categories":[],"tags":[],"class_list":["post-2485","page","type-page","status-publish","hentry"],"_links":{"self":[{"href":"https:\/\/dialog-group.eu\/english\/wp-json\/wp\/v2\/pages\/2485","targetHints":{"allow":["GET"]}}],"collection":[{"href":"https:\/\/dialog-group.eu\/english\/wp-json\/wp\/v2\/pages"}],"about":[{"href":"https:\/\/dialog-group.eu\/english\/wp-json\/wp\/v2\/types\/page"}],"author":[{"embeddable":true,"href":"https:\/\/dialog-group.eu\/english\/wp-json\/wp\/v2\/users\/2"}],"replies":[{"embeddable":true,"href":"https:\/\/dialog-group.eu\/english\/wp-json\/wp\/v2\/comments?post=2485"}],"version-history":[{"count":80,"href":"https:\/\/dialog-group.eu\/english\/wp-json\/wp\/v2\/pages\/2485\/revisions"}],"predecessor-version":[{"id":6018,"href":"https:\/\/dialog-group.eu\/english\/wp-json\/wp\/v2\/pages\/2485\/revisions\/6018"}],"up":[{"embeddable":true,"href":"https:\/\/dialog-group.eu\/english\/wp-json\/wp\/v2\/pages\/20"}],"wp:attachment":[{"href":"https:\/\/dialog-group.eu\/english\/wp-json\/wp\/v2\/media?parent=2485"}],"wp:term":[{"taxonomy":"category","embeddable":true,"href":"https:\/\/dialog-group.eu\/english\/wp-json\/wp\/v2\/categories?post=2485"},{"taxonomy":"post_tag","embeddable":true,"href":"https:\/\/dialog-group.eu\/english\/wp-json\/wp\/v2\/tags?post=2485"}],"curies":[{"name":"wp","href":"https:\/\/api.w.org\/{rel}","templated":true}]}}