{"id":1253,"date":"2022-08-20T16:17:30","date_gmt":"2022-08-20T14:17:30","guid":{"rendered":"https:\/\/dialog-group.eu\/?page_id=1253"},"modified":"2024-06-03T10:24:22","modified_gmt":"2024-06-03T08:24:22","slug":"zastita-osobnih-podataka","status":"publish","type":"page","link":"https:\/\/dialog-group.eu\/english\/hrv\/zastita-osobnih-podataka\/","title":{"rendered":"Za\u0161tita osobnih podataka"},"content":{"rendered":"<p><\/p>\n\n\n\n<p>Inofrmacije o <strong>Za\u0161titi osobnih podataka<\/strong> definiraju kako web stranica&nbsp;EUDIALOG (https:\/\/dialog-group.eu\/)&nbsp;koristi i \u0161titi sve informacije koje posjetitelji daju kada koriste ovu web stranicu.<\/p>\n\n\n\n<p>Zala\u017eemo se za za\u0161titu Va\u0161e privatnosti i za\u0161titu Va\u0161ih podataka.&nbsp;Ako Vas zamolimo da nam dostavite odre\u0111ene informacije pomo\u0107u kojih mo\u017eete biti identificirani pri kori\u0161tenju ove web stranice, mo\u017eete biti sigurni da \u0107e se one koristiti samo u skladu s ovom izjavom o privatnosti.<\/p>\n\n\n\n<p>Ovi uvjeti mogu se povremeno a\u017eurirati.&nbsp;S vremena na vrijeme trebate provjeriti ovu stranicu kako biste bili sigurni da ste zadovoljni promjenama.&nbsp;Ova se pravila primjenjuju od 1. rujna 2019. godine.<\/p>\n\n\n\n<h2 class=\"wp-block-heading\">Voditelj obrade<\/h2>\n\n\n\n<p>Voditelj obrade ove internetske stranice i Va\u0161ih osobnih podataka je tvrtka <em>EUDIALOG d.o.o. <\/em>sa sjedi\u0161tem:<\/p>\n\n\n\n<ul class=\"wp-block-list\"><li><strong>EUDIALOG d.o.o. za usluge<\/strong>, vl. Mladen Nenadi\u0107<\/li><li><em><strong>Plata\u010dka ulica 6<\/strong><\/em><\/li><li><em><strong>31 000 Osijek<\/strong><\/em><\/li><li><em><strong>Croatia<\/strong><\/em><\/li><\/ul>\n\n\n\n<h2 class=\"wp-block-heading\">Va\u0161i osobni podaci<\/h2>\n\n\n\n<h3 class=\"wp-block-heading\">Koje podatke prikupljamo<\/h3>\n\n\n\n<p>Va\u0161i osobni podaci prikupljaju se kada se pretplatite na&nbsp;<em><strong>newsletter<\/strong><\/em>&nbsp;ili <strong>ispunite neki od obrazaca<\/strong>.<\/p>\n\n\n\n<p>Va\u0161i podaci prikupljaju se tijekom registracije, sklapanjem ugovora i potpisivanja ponuda na neku od na\u0161ih usluga, prijavom na&nbsp;<em>newsletter<\/em>, odgovorom na anketu ili marketin\u0161ku komunikaciju, surfanjem web stranicom.<\/p>\n\n\n\n<p>Na taj na\u010din, mogu\u0107e je prikupiti sljede\u0107e podatke o Vama:<\/p>\n\n\n\n<ul class=\"wp-block-list\"><li>ime,<\/li><li>podaci za kontakt, uklju\u010duju\u0107i adresu e-po\u0161te,<\/li><li>demografske podatke kao \u0161to su po\u0161tanski broj, va\u0161e preferencije i interese,<\/li><li>ostale informacije bitne za ankete korisnika i\/ili dostavu promotivnih ponuda,<\/li><li>informacije nu\u017ene za sastavljanje ponuda i ugovora prilikom eventualnog ugovaranja zajedni\u010dke suradnje.<\/li><\/ul>\n\n\n\n<h3 class=\"wp-block-heading\">\u0160to radimo s podacima koje prikupimo?<\/h3>\n\n\n\n<p>Ove informacije potrebne su nam kako bi bolje shvatili Va\u0161e potrebe i time Vam pru\u017eili bolju uslugu, posebno iz sljede\u0107ih razloga:<\/p>\n\n\n\n<ul class=\"wp-block-list\"><li>pobolj\u0161anju korisni\u010dkog iskustva na web stranici,<\/li><li>pobolj\u0161anju na\u0161ih proizvoda i usluga,<\/li><li>mogu\u0107nosti pru\u017eanja usluga u skladu s Va\u0161im zahtjevima,<\/li><li>slanju e-po\u0161te vezane za Va\u0161u narud\u017ebu ili druge proizvode i usluge,<\/li><li>povremeno slanje poruka e-po\u0161te kako bismo Vas obavijestili o novim uslugama, posebnim ponudama ili drugim informacijama za koje smatramo da bi Vam mogli biti zanimljivi,<\/li><li>mo\u017eemo koristiti Va\u0161e podatke kako bi Vas mogli kontaktirati u svrhu istra\u017eivanja tr\u017ei\u0161ta.<\/li><\/ul>\n\n\n\n<p>Ove informacije koristimo za:<\/p>\n\n\n\n<ul class=\"wp-block-list\"><li>analitiku,<\/li><li>interakciju s vanjskim dru\u0161tvenim mre\u017eama i platformama,<\/li><li>upravljanje adresama e-po\u0161te i slanje poruka.<\/li><\/ul>\n\n\n\n<p>Korisnik preuzima odgovornost za osobne podatke tre\u0107ih strana koje objavljuje ili dijeli putem ove web stranice i izjavljuje da iste podatke ima pravo prenositi ili emitirati, \u010dime se vlasnika web stranice osloba\u0111a od svake odgovornosti.<\/p>\n\n\n\n<h3 class=\"wp-block-heading\">Na\u010dela privatnosti<\/h3>\n\n\n\n<p>EUDIALOG se dr\u017ei sljede\u0107ih na\u010dela s ciljem za\u0161tite Va\u0161e privatnosti:<\/p>\n\n\n\n<p>Ne prikupljamo vi\u0161e informacija nego \u0161to je potrebno.<br>Va\u0161e podatke <strong>ne koristimo<\/strong> u svrhe koje nisu navedene.<\/p>\n\n\n\n<ul class=\"wp-block-list\"><li>Ne \u010duvamo Va\u0161e podatke ako vi\u0161e nisu potrebni,<\/li><li>Nikada ne prodajemo, posu\u0111ujemo niti javno objavljujemo Va\u0161e osobne podatke,<\/li><li>Va\u0161e podatke ne \u0161aljemo tre\u0107im stranama,<\/li><li>Va\u0161e osobne podatke ne prenosimo u tre\u0107u zemlju ili me\u0111unarodnu organizaciju,<\/li><li>Va\u0161e podatke ne koristimo u svrhe koje nisu navedene,<\/li><li>Brinemo se da su Va\u0161i podaci sigurno pohranjeni.<\/li><\/ul>\n\n\n\n<h3 class=\"wp-block-heading\">Koliko \u0107e dugo biti pohranjeni Va\u0161i osobni podaci?<\/h3>\n\n\n\n<p>Na Va\u0161 upit putem na\u0161eg kontakt obrasca ili izravno na na\u0161u e-mail adresu, odgovoriti \u0107emo na Va\u0161 zahtjev. Ako daljnja komunikacija izme\u0111u Vas i tvrtke EUDIALOG ne\u0107e postojati, nakon 12 mjeseci izbrisat \u0107e sve Va\u0161e osobne podatke.<\/p>\n\n\n\n<p>Sve dok imamo otvorenu komunikaciju u smislu uspostavljanja poslovne suradnje, pohranjivat \u0107emo i dalje koristiti Va\u0161e osobne podatke potrebne za uspostavljanje na\u0161eg poslovnog odnosa, kao i za vrijeme va\u017eenja na\u0161eg ugovornog odnosa. Svakako, u bilo kojem trenutku imate pravo zatra\u017eiti zaustavljanje obrade Va\u0161ih osobnih podataka.<\/p>\n\n\n\n<h3 class=\"wp-block-heading\">Kontakt obrazac<\/h3>\n\n\n\n<p>Ako upotrijebite obrazac za kontakt i\/ili obrazac za upit, te informacije nikada ne\u0107e biti javno prikazane ili proslije\u0111ene tre\u0107im stranama. Va\u0161i kontakt podaci koristit \u0107e se samo za odgovor na Va\u0161u poruku i pru\u017eanje usluga te \u0107e biti pohranjene u adresaru koji je za\u0161ti\u0107en lozinkom.<\/p>\n\n\n\n<h3 class=\"wp-block-heading\">Pretplata na newsletter<\/h3>\n\n\n\n<p>Ukoliko se prijavite na e-mail newsletter,&nbsp;pristajete podijeliti podatke koje ste unijeli u obrazac s WordPress dodatkom NINJA FORM, koji Va\u0161e podatke proslije\u0111uje u bazu podataka ove web stranice i ne proslije\u0111uje ih nikakvim drugim vanjskim servisima.<\/p>\n\n\n\n<p>Te se informacije upotrebljavaju samo za slanje poruka e-po\u0161te koje ste pristali primati.&nbsp;Poruke uklju\u010duju nove informativne i edukativne \u010dlanke, pregled novih projekata, kao i informacije o na\u0161im proizvodima i uslugama.<\/p>\n\n\n\n<p>U bilo kojem trenutku mo\u017eete otkazati pretplatu klikom na link \u201c<strong>Odjava<\/strong>\u201d na dnu svake poruke.<\/p>\n\n\n\n<h2 class=\"wp-block-heading\">Security<\/h2>\n\n\n\n<p>Sigurnost Va\u0161ih osobnih podataka nama je obaveza. Kako bismo sprije\u010dili neovla\u0161teni pristup prikupljenim podacima, primjenjujemo odgovaraju\u0107e fizi\u010dke, elektroni\u010dke i upravlja\u010dke postupke kako bi se informacije koje prikupljamo za\u0161titile i osigurale putem ove web stranice.<\/p>\n\n\n\n<p><\/p>\n\n\n\n<h2 class=\"wp-block-heading\">Upotreba kola\u010di\u0107a<\/h2>\n\n\n\n<p>Kola\u010di\u0107 je mala datoteka koja se sprema na tvrdi disk Va\u0161eg ra\u010dunala.&nbsp;Ova datoteka poma\u017ee analizirati web-promet ili Vas obavje\u0161tava kada posjetite odre\u0111enu web lokaciju.&nbsp;Kola\u010di\u0107i omogu\u0107uju web aplikacijama da upamte odre\u0111ene informacije o Vama koje ste pristali podijeliti. Web aplikacija mo\u017ee prilagoditi svoje operacije prema Va\u0161im potrebama i \u017eeljama prikupljanjem i pam\u0107enjem informacija o Va\u0161im \u017eeljama.<\/p>\n\n\n\n<p>Na ovoj web stranici koriste se kola\u010di\u0107i bilje\u017eenja prometa kako bi se identificiralo koje stranice se koriste i na koji na\u010din.&nbsp;To nam poma\u017ee analizirati podatke o prometu web stranica i pobolj\u0161ati ovu web stranicu kako bismo je prilagodili potrebama korisnika.&nbsp;Te podatke koristimo samo u svrhu statisti\u010dke analize, a podaci se uklanjaju iz sustava.<\/p>\n\n\n\n<p>Kola\u010di\u0107i nam tako\u0111er poma\u017eu da Vam pru\u017eimo bolju web stranicu, omogu\u0107uju\u0107i pra\u0107enje koje stranice smatrate korisnima, a koje ne.&nbsp;Kola\u010di\u0107 nam ni na koji na\u010din ne daje pristup Va\u0161em ra\u010dunalu ili bilo kakve informacije o Vama, osim podataka koje \u017eelite podijeliti sa nama.<\/p>\n\n\n\n<p>Mo\u017eete prihvatiti ili odbiti kola\u010di\u0107e.&nbsp;Ve\u0107ina web preglednika automatski prihva\u0107a kola\u010di\u0107e, ali obi\u010dno mo\u017eete izmijeniti postavku preglednika da odbije kola\u010di\u0107e ako to \u017eelite.&nbsp;Svaki je preglednik malo druga\u010diji, pa pogledajte izbornik Pomo\u0107 u va\u0161em pregledniku kako biste saznali ispravan na\u010din izmjene kola\u010di\u0107a.<\/p>\n\n\n\n<p>Ako onemogu\u0107ite kola\u010di\u0107e, to \u0107e isklju\u010diti neke od zna\u010dajki ove web stranice, pa mo\u017eda neke od usluga ne\u0107e ispravno funkcionirati.<\/p>\n\n\n\n<h3 class=\"wp-block-heading\">Funkcionalni kola\u010di\u0107i<\/h3>\n\n\n\n<p>Ova stranica:<\/p>\n\n\n\n<ul class=\"wp-block-list\"><li>Prati stranice koje posje\u0107ujete putem usluge Google Analytics. Google Analytics prikuplja Va\u0161u IP adresu i bilje\u017ei Va\u0161 posjet i pona\u0161anje tijekom posjeta na web stranici. Taj je posjet anonimiziran, jer Google Analytics skra\u0107uje i anonimizira IP adresu internetske veze ispitanika prilikom pristupa na\u0161im internetska stranicama iz dr\u017eave \u010dlanice Europske unije ili druge dr\u017eave ugovornice na Sporazum o Europskom gospodarskom prostoru (EEA).<\/li><\/ul>\n\n\n\n<h3 class=\"wp-block-heading\">Ciljanje kola\u010di\u0107a<\/h3>\n\n\n\n<p>Ova stranica:<\/p>\n\n\n\n<ul class=\"wp-block-list\"><li>Omogu\u0107uje dijeljenje stranica s dru\u0161tvenim mre\u017eama kao \u0161to je Facebook, Twitter, LinkedIn itd.<\/li><\/ul>\n\n\n\n<p>Ova web stranica ne dijeli nikakve osobne podatke s tre\u0107im stranama.<\/p>\n\n\n\n<h2 class=\"wp-block-heading\">Dijeljenje informacija s tre\u0107im stranama<\/h2>\n\n\n\n<p>Niti prodajemo niti na bilo koji drugi na\u010din&nbsp;ne&nbsp;prenosimo Va\u0161e osobne podatke tre\u0107im stranama, osim uz prethodnu suglasnost (primjerice Facebook Pixel).&nbsp;Ovo ne obuhva\u0107a web hosting partnere i ostale strane koje nam poma\u017eu u vo\u0111enju ove web stranice i obavljanju poslovanja, pod uvjetom da te strane pristanu zadr\u017eati taj podatak povjerljivima. (Na primjer, knjigovodstveni servisi, aplikacije za izradu ponuda i ugovora za projekte itd.)<\/p>\n\n\n\n<p>U slu\u010daju kada zakon nala\u017ee dijeljenje informacija s nadle\u017enim slu\u017ebama (policija, sud, porezna uprava), pridr\u017eavamo se na\u0161ih zakonskih obveza.<\/p>\n\n\n\n<p><\/p>\n\n\n\n<h2 class=\"wp-block-heading\">Facebook Pixel<\/h2>\n\n\n\n<p>Facebook Pixel pru\u017ea mogu\u0107nost pra\u0107enja pona\u0161anja korisnika nakon \u0161to su preusmjereni na jednu od internetskih lokacija klikom na Facebook oglas. Ovaj proces je dizajniran za procjenu efektivnosti Facebook oglasa u statisti\u010dke i tr\u017ei\u0161ne istra\u017eiva\u010dke svrhe i mo\u017ee pomo\u0107i u optimizaciji budu\u0107ih reklamnih kampanja. Prikupljeni podaci su anonimni pa ne mogu izvu\u0107i zaklju\u010dke o identitetu korisnika, a mi ne \u0161aljemo osobne podatke Facebooku. Me\u0111utim, Facebook \u010duva i obra\u0111uje podatke tako da je mogu\u0107e povezivanje sa odgovaraju\u0107im korisni\u010dkim profilom i Facebook mo\u017ee koristiti podatke u svoje reklamne svrhe u skladu sa Smjernicama za kori\u0161tenje Facebook podataka (<a href=\"https:\/\/www.facebook.com\/about\/privacy\/\" rel=\"noreferrer noopener\" target=\"_blank\">https:\/\/www.facebook.com\/about\/privacy\/<\/a>). Mo\u017eete omogu\u0107iti Facebooku i njegovim partnerima da prikazuju oglase unutar i van Facebooka. Kola\u010di\u0107\u0301 se tako\u0111er mo\u017ee \u010duvati na Va\u0161em ra\u010dunalu u ove svrhe. Ako ste korisnik Facebook-a i ne \u017eelite da Facebook prikuplja Va\u0161e podatke preko Facebook Pixela i pove\u017ee ih sa Va\u0161im korisni\u010dkim podacima spremljenim na Facebooku, mo\u017eete deaktivirati Facebook Pixel.<\/p>\n\n\n\n<h2 class=\"wp-block-heading\">Poveznice na druge web stranice<\/h2>\n\n\n\n<p>Ova web stranica mo\u017ee sadr\u017eavati poveznice (linkove) koje omogu\u0107uju lak\u0161u posjetu drugim web stranicama.&nbsp;Nakon \u0161to upotrijebite navedene poveznice prilikom napu\u0161tanja ove web stranice, trebate imati na umu da nemamo nikakvu kontrolu nad tom drugom web-lokacijom. Iz tog razloga ne mo\u017eemo preuzeti odgovornost za za\u0161titu i privatnost svih informacija koje pru\u017eate prilikom posjeta drugim web stranicama te takve web stranice nisu regulirane ovom izjavom o privatnosti.&nbsp;Budite oprezni i pregledajte izjavu o privatnosti koja se primjenjuje na doti\u010dnu web stranicu.<\/p>\n\n\n\n<h2 class=\"wp-block-heading\">Za\u0161tita od ne\u017eeljene po\u0161te<\/h2>\n\n\n\n<p>U skladu sa va\u017ee\u0107im zakonima o za\u0161titi podataka i ne\u017eeljenoj po\u0161ti, obavje\u0161tavamo Vas:<\/p>\n\n\n\n<ul class=\"wp-block-list\"><li>da ne\u0107emo upotrebljavati la\u017ene ili obmanjuju\u0107e teme (<em>subject<\/em>) ili adrese e-po\u0161te.<\/li><li>da \u0107emo identificirati poruku kao oglas na jasan i razuman na\u010din.<\/li><li>da \u0107emo uklju\u010diti fizi\u010dku adresu svojeg sjedi\u0161ta.<\/li><li>da \u0107emo nadgledati servise koje koristimo za slanje e-po\u0161te kako bismo osigurali uskla\u0111enost s va\u017ee\u0107im propisima.<\/li><li>da \u0107emo procesirati zahtjeve za odjavom od primanja poruka u najkra\u0107em mogu\u0107em roku.<\/li><li>da \u0107emo omogu\u0107iti svojim korisnicima otkazivanje pretplate pomo\u0107u veze pri dnu svake poruke.<\/li><\/ul>\n\n\n\n<p>Ako u bilo kojem trenutku \u017eelite otkazati pretplatu na primanje budu\u0107ih poruka e-po\u0161te, slijedite upute na dnu svake poruke.<\/p>\n\n\n\n<h2 class=\"wp-block-heading\">Va\u0161a prava<\/h2>\n\n\n\n<p>U bilo kojem trenutku slobodni ste nas kontaktirati u svrhu:<\/p>\n\n\n\n<ul class=\"wp-block-list\"><li><strong>PRISTUPA<\/strong> svim osobnim podacima koje je EUDIALOG prikupio o Vama,<\/li><li><strong>ISPRAVLJANJA<\/strong> osobnih podataka koje EUDIALOG ima o Vama,<\/li><li><strong>BRISANJA<\/strong> svih osobnih podataka koje je EUDIALOG prikupio o Vama,<\/li><li><strong>OGRANI\u010cAVANJA<\/strong> obrade Va\u0161ih osobnih podataka od strane EUDIALOG,<\/li><li><strong>PRIGOVORA<\/strong> na obradu Va\u0161ih osobnih podataka od strane EUDIALOG, ili<\/li><li><strong>ZAHTJEVA<\/strong> za Va\u0161im osobnim podacima koje je EUDIALOG ima, u svrhu prijenosa tre\u0107oj strani.<\/li><\/ul>\n\n\n\n<p>Ukoliko \u017eelite iskoristiti bilo koje od prethodno navedenih prava, budite slobodni:<\/p>\n\n\n\n<ul class=\"wp-block-list\"><li>poslati upit putem na\u0161eg kontakt obrasca na internetskoj stranici<\/li><li>poslati svoj zahtjev na adresu:<\/li><\/ul>\n\n\n\n<ul class=\"wp-block-list\"><li><strong>EUDIALOG<\/strong><\/li><li><strong>Plata\u010dka ulica 6, <\/strong><\/li><li><strong>31000 Osijek<\/strong><\/li><li><strong>Croatia<\/strong><\/li><\/ul>\n\n\n\n<p>&nbsp;a mi \u0107emo Vam odgovoriti najkasnije sljede\u0107i radni dan.<\/p>\n\n\n\n<p>Ako imate bilo kakvih dodatnih pitanja o prikupljanju, obradi i pohranjivanju osobnih podataka od strane EUDIALOG, kontaktirajte nas.<\/p>\n\n\n\n<h2 class=\"wp-block-heading\">Pravo na podno\u0161enje prigovora nadle\u017enom tijelu<\/h2>\n\n\n\n<p>U svakom trenutku mo\u017eete ulo\u017eiti prigovor izravno nadle\u017enom nadzornom tijelu, posebice u zemlji EU-a u kojoj imate uobi\u010dajeno boravi\u0161te, mjesto rada ili mjesto navodnog kr\u0161enja, ako smatrate da na\u0161a obrada Va\u0161ih osobnih podataka nije zakonita.<\/p>\n\n\n\n<p>Izravni kontakti hrvatskog nacionalnog tijela su:<\/p>\n\n\n\n<p><strong>AGENCIJA ZA ZA\u0160TITU OSOBNIH PODATAKA (AZOP)<br><\/strong>Fra Grge Marti\u0107a 14<br>HR \u2013 10000 Zagreb<br>Telefon: az**@az**.hr<br>Web: <a href=\"http:\/\/www.azop.hr\/\" target=\"_blank\" rel=\"noreferrer noopener\">https:\/\/www.azop.hr<\/a><\/p>\n\n\n\n<h2 class=\"wp-block-heading\">Povreda podataka<\/h2>\n\n\n\n<p>O svakoj povredi osobnih podataka mi \u0107emo izvijestiti AZOP kao nadle\u017eno nacionalno tijelo za za\u0161titu podataka u roku od 72 sata od povrede, ako utvrdimo da su osobni podaci pretrpjeli povredu.<\/p>","protected":false},"excerpt":{"rendered":"<p>Inofrmacije o Za\u0161titi osobnih podataka definiraju kako web stranica&nbsp;EUDIALOG (https:\/\/dialog-group.eu\/)&nbsp;koristi i \u0161titi sve informacije koje posjetitelji daju kada koriste ovu web stranicu. Zala\u017eemo se za za\u0161titu Va\u0161e privatnosti i za\u0161titu Va\u0161ih podataka.&nbsp;Ako Vas zamolimo da nam dostavite odre\u0111ene informacije pomo\u0107u kojih mo\u017eete biti identificirani pri kori\u0161tenju ove web stranice, mo\u017eete biti sigurni da \u0107e se [&hellip;]<\/p>\n","protected":false},"author":2,"featured_media":0,"parent":20,"menu_order":13,"comment_status":"closed","ping_status":"closed","template":"","meta":{"_et_pb_use_builder":"off","_et_pb_old_content":"","_et_gb_content_width":"1080","footnotes":""},"categories":[],"tags":[],"class_list":["post-1253","page","type-page","status-publish","hentry"],"_links":{"self":[{"href":"https:\/\/dialog-group.eu\/english\/wp-json\/wp\/v2\/pages\/1253","targetHints":{"allow":["GET"]}}],"collection":[{"href":"https:\/\/dialog-group.eu\/english\/wp-json\/wp\/v2\/pages"}],"about":[{"href":"https:\/\/dialog-group.eu\/english\/wp-json\/wp\/v2\/types\/page"}],"author":[{"embeddable":true,"href":"https:\/\/dialog-group.eu\/english\/wp-json\/wp\/v2\/users\/2"}],"replies":[{"embeddable":true,"href":"https:\/\/dialog-group.eu\/english\/wp-json\/wp\/v2\/comments?post=1253"}],"version-history":[{"count":5,"href":"https:\/\/dialog-group.eu\/english\/wp-json\/wp\/v2\/pages\/1253\/revisions"}],"predecessor-version":[{"id":3164,"href":"https:\/\/dialog-group.eu\/english\/wp-json\/wp\/v2\/pages\/1253\/revisions\/3164"}],"up":[{"embeddable":true,"href":"https:\/\/dialog-group.eu\/english\/wp-json\/wp\/v2\/pages\/20"}],"wp:attachment":[{"href":"https:\/\/dialog-group.eu\/english\/wp-json\/wp\/v2\/media?parent=1253"}],"wp:term":[{"taxonomy":"category","embeddable":true,"href":"https:\/\/dialog-group.eu\/english\/wp-json\/wp\/v2\/categories?post=1253"},{"taxonomy":"post_tag","embeddable":true,"href":"https:\/\/dialog-group.eu\/english\/wp-json\/wp\/v2\/tags?post=1253"}],"curies":[{"name":"wp","href":"https:\/\/api.w.org\/{rel}","templated":true}]}}