{"id":1012,"date":"2022-08-18T16:34:53","date_gmt":"2022-08-18T14:34:53","guid":{"rendered":"https:\/\/dialog-group.eu\/?page_id=1012"},"modified":"2024-10-28T12:29:54","modified_gmt":"2024-10-28T11:29:54","slug":"impressum","status":"publish","type":"page","link":"https:\/\/dialog-group.eu\/english\/hrv\/impressum\/","title":{"rendered":"Impressum"},"content":{"rendered":"<p>[et_pb_section fb_built=&#8221;1&#8243; _builder_version=&#8221;4.16&#8243; custom_padding=&#8221;||0px|||&#8221; global_colors_info=&#8221;{}&#8221;][et_pb_row _builder_version=&#8221;4.18.0&#8243; _module_preset=&#8221;default&#8221; global_colors_info=&#8221;{}&#8221;][et_pb_column type=&#8221;4_4&#8243; _builder_version=&#8221;4.18.0&#8243; _module_preset=&#8221;default&#8221; global_colors_info=&#8221;{}&#8221;][et_pb_text _builder_version=&#8221;4.18.0&#8243; _module_preset=&#8221;90865f4d-2cce-42a7-b40e-d3fbad25605a&#8221; text_font=&#8221;||||||||&#8221; header_font=&#8221;|800|||||||&#8221; header_2_font=&#8221;Teko|700|||||||&#8221; header_2_text_color=&#8221;#000000&#8243; header_2_font_size=&#8221;48px&#8221; header_3_font=&#8221;|800|||||||&#8221; header_3_text_color=&#8221;#333333&#8243; header_3_font_size=&#8221;47px&#8221; custom_margin=&#8221;||10px||false|false&#8221; header_2_font_size_tablet=&#8221;30px&#8221; header_2_font_size_phone=&#8221;24px&#8221; header_2_font_size_last_edited=&#8221;on|phone&#8221; locked=&#8221;off&#8221; global_colors_info=&#8221;{}&#8221;]<\/p>\n<h3>Impressum<\/h3>\n<p>[\/et_pb_text][et_pb_divider divider_weight=&#8221;5px&#8221; _builder_version=&#8221;4.18.0&#8243; _module_preset=&#8221;default&#8221; width=&#8221;6%&#8221; global_colors_info=&#8221;{}&#8221;][\/et_pb_divider][\/et_pb_column][\/et_pb_row][\/et_pb_section][et_pb_section fb_built=&#8221;1&#8243; _builder_version=&#8221;4.18.0&#8243; _module_preset=&#8221;default&#8221; global_colors_info=&#8221;{}&#8221;][et_pb_row column_structure=&#8221;1_2,1_2&#8243; _builder_version=&#8221;4.18.0&#8243; _module_preset=&#8221;default&#8221; global_colors_info=&#8221;{}&#8221;][et_pb_column type=&#8221;1_2&#8243; _builder_version=&#8221;4.18.0&#8243; _module_preset=&#8221;default&#8221; global_colors_info=&#8221;{}&#8221;][et_pb_blurb _builder_version=&#8221;4.18.0&#8243; _module_preset=&#8221;default&#8221; width=&#8221;51.3%&#8221; min_height=&#8221;183.8px&#8221; border_color_all=&#8221;#6D2468&#8243; global_colors_info=&#8221;{}&#8221;]<\/p>\n<p style=\"text-align: right;\">NAZIV:<br \/>ADRESA:<br \/>OIB:<br \/>MATI\u010cNI BROJ:<br \/>DIREKTOR:<br \/>KONTAKT:<\/p>\n<p>[\/et_pb_blurb][\/et_pb_column][et_pb_column type=&#8221;1_2&#8243; _builder_version=&#8221;4.18.0&#8243; _module_preset=&#8221;default&#8221; global_colors_info=&#8221;{}&#8221;][et_pb_blurb _builder_version=&#8221;4.18.0&#8243; _module_preset=&#8221;default&#8221; width=&#8221;100%&#8221; custom_margin=&#8221;|-346px||-285px||&#8221; custom_padding=&#8221;19px|20px|19px|20px|true|true&#8221; border_color_all=&#8221;#6D2468&#8243; global_colors_info=&#8221;{}&#8221;]<\/p>\n<p>EUDIALOG d.o.o. za usluge<br \/>Plata\u010dka ulica 6, 31000 Osijek<br \/>85623880177<br \/>05361605<br \/>Mladen Nenadi\u0107<br \/>031\/200-966 | 098\/134-0882 | <a href=\"mailto:office@dialog-group.eu\">office[at]dialog-group.eu<\/a><\/p>\n<p>[\/et_pb_blurb][\/et_pb_column][\/et_pb_row][\/et_pb_section][et_pb_section fb_built=&#8221;1&#8243; _builder_version=&#8221;4.18.0&#8243; _module_preset=&#8221;default&#8221; global_colors_info=&#8221;{}&#8221;][et_pb_row _builder_version=&#8221;4.18.0&#8243; _module_preset=&#8221;default&#8221; animation_style=&#8221;fade&#8221; animation_duration=&#8221;2000ms&#8221; global_colors_info=&#8221;{}&#8221;][et_pb_column type=&#8221;4_4&#8243; _builder_version=&#8221;4.16&#8243; _module_preset=&#8221;default&#8221; global_colors_info=&#8221;{}&#8221;][dsm_embed_google_map address=&#8221;\u0160etali\u0161te Petra Preradovi\u0107a 8, Osijek&#8221; zoom=&#8221;15&#8243; _builder_version=&#8221;4.25.1&#8243; _module_preset=&#8221;default&#8221; width=&#8221;100%&#8221; max_width=&#8221;100%&#8221; hover_enabled=&#8221;0&#8243; border_color_all=&#8221;#6D2468&#8243; box_shadow_style=&#8221;preset3&#8243; global_colors_info=&#8221;{}&#8221; sticky_enabled=&#8221;0&#8243;][\/dsm_embed_google_map][\/et_pb_column][\/et_pb_row][\/et_pb_section][et_pb_section fb_built=&#8221;1&#8243; admin_label=&#8221;CTA&#8221; _builder_version=&#8221;4.18.0&#8243; _module_preset=&#8221;default&#8221; background_color=&#8221;RGBA(255,255,255,0)&#8221; top_divider_style=&#8221;slant2&#8243; top_divider_color=&#8221;#6D2468&#8243; top_divider_height=&#8221;87px&#8221; top_divider_flip=&#8221;horizontal&#8221; locked=&#8221;off&#8221; global_colors_info=&#8221;{}&#8221;][et_pb_row column_structure=&#8221;1_2,1_2&#8243; _builder_version=&#8221;4.17.6&#8243; _module_preset=&#8221;default&#8221; global_colors_info=&#8221;{}&#8221;][et_pb_column type=&#8221;1_2&#8243; _builder_version=&#8221;4.16&#8243; _module_preset=&#8221;default&#8221; global_colors_info=&#8221;{}&#8221;][et_pb_image src=&#8221;https:\/\/dialog-group.eu\/wp-content\/uploads\/2022\/08\/quino-al-xhGMQ_nYWqU-unsplash-transformed-transformed.png&#8221; alt=&#8221;kontakt o nama dialog eu dialog3&#8243; title_text=&#8221;kontakt o nama dialog eu dialog3&#8243; _builder_version=&#8221;4.18.0&#8243; _module_preset=&#8221;default&#8221; global_colors_info=&#8221;{}&#8221;][\/et_pb_image][et_pb_text _builder_version=&#8221;4.18.0&#8243; _module_preset=&#8221;5272019c-99d9-4e27-9232-9f96d210ee65&#8243; text_font=&#8221;Poppins||||||||&#8221; header_font=&#8221;||||||||&#8221; header_4_font=&#8221;Poppins|700||on|||||&#8221; header_4_text_color=&#8221;#333333&#8243; header_4_letter_spacing=&#8221;2px&#8221; header_4_line_height=&#8221;1.4em&#8221; background_color=&#8221;RGBA(255,255,255,0)&#8221; custom_margin=&#8221;||0px||false|false&#8221; header_font_size_tablet=&#8221;40px&#8221; header_font_size_phone=&#8221;24px&#8221; header_font_size_last_edited=&#8221;off|desktop&#8221; header_4_font_size_tablet=&#8221;16px&#8221; header_4_font_size_phone=&#8221;14px&#8221; header_4_font_size_last_edited=&#8221;on|phone&#8221; locked=&#8221;off&#8221; global_colors_info=&#8221;{}&#8221;]<\/p>\n<h4 style=\"text-align: center;\">Nazovite nas<\/h4>\n<p>[\/et_pb_text][et_pb_text _builder_version=&#8221;4.18.0&#8243; _module_preset=&#8221;default&#8221; text_font=&#8221;Work Sans|900|||||||&#8221; text_text_color=&#8221;#333333&#8243; text_font_size=&#8221;42px&#8221; text_line_height=&#8221;1.2em&#8221; text_font_size_tablet=&#8221;30px&#8221; text_font_size_phone=&#8221;20px&#8221; text_font_size_last_edited=&#8221;on|phone&#8221; locked=&#8221;off&#8221; global_colors_info=&#8221;{%22gcid-673606d1-acdb-41d1-b931-45c5d4c48493%22:%91%22text_text_color%22%93}&#8221;]<\/p>\n<p style=\"text-align: center;\">031\/200-966<br \/>098\/134-0882<\/p>\n<p>[\/et_pb_text][\/et_pb_column][et_pb_column type=&#8221;1_2&#8243; _builder_version=&#8221;4.16&#8243; _module_preset=&#8221;default&#8221; custom_padding=&#8221;50px||||false|false&#8221; custom_padding_tablet=&#8221;&#8221; custom_padding_phone=&#8221;30px||||false|false&#8221; custom_padding_last_edited=&#8221;on|phone&#8221; global_colors_info=&#8221;{}&#8221;][et_pb_text _builder_version=&#8221;4.18.0&#8243; _module_preset=&#8221;90865f4d-2cce-42a7-b40e-d3fbad25605a&#8221; header_2_font=&#8221;Poppins|700|||||||&#8221; header_2_text_color=&#8221;#333333&#8243; header_2_font_size=&#8221;48px&#8221; custom_margin=&#8221;||10px||false|false&#8221; header_2_font_size_tablet=&#8221;30px&#8221; header_2_font_size_phone=&#8221;24px&#8221; header_2_font_size_last_edited=&#8221;on|phone&#8221; locked=&#8221;off&#8221; global_colors_info=&#8221;{}&#8221;]<\/p>\n<h2>Kontaktirajte s nama<\/h2>\n<p>[\/et_pb_text][et_pb_divider color=&#8221;#6D2468&#8243; divider_weight=&#8221;5px&#8221; _builder_version=&#8221;4.17.6&#8243; _module_preset=&#8221;default&#8221; max_width=&#8221;50px&#8221; locked=&#8221;off&#8221; global_colors_info=&#8221;{}&#8221;][\/et_pb_divider][et_pb_contact_form email=&#8221;info@dialog-group.eu&#8221; success_message=&#8221;Hvala na upitu! Javit \u0107emo Vam se u \u0161to kra\u0107em roku.&#8221; submit_button_text=&#8221;Po\u0161alji&#8221; _builder_version=&#8221;4.18.0&#8243; _module_preset=&#8221;default&#8221; _unique_id=&#8221;e7edb1c8-1949-431b-9e9c-64235a8685d9&#8243; form_field_background_color=&#8221;RGBA(255,255,255,0)&#8221; title_text_align=&#8221;center&#8221; title_text_color=&#8221;#8E4C7E&#8221; title_line_height=&#8221;1.6em&#8221; form_field_font=&#8221;Poppins||||||||&#8221; custom_button=&#8221;on&#8221; button_text_color=&#8221;#FFFFFF&#8221; button_bg_color=&#8221;#6D2468&#8243; button_border_radius=&#8221;0px&#8221; custom_margin=&#8221;29px||||false|false&#8221; custom_padding=&#8221;0px|0px|0px|0px|true|true&#8221; border_width_all=&#8221;2px&#8221; border_color_all=&#8221;#6D2468&#8243; global_colors_info=&#8221;{}&#8221;][et_pb_contact_field field_id=&#8221;Ime&#8221; field_title=&#8221;Ime i prezime&#8221; fullwidth_field=&#8221;on&#8221; _builder_version=&#8221;4.17.6&#8243; _module_preset=&#8221;default&#8221; global_colors_info=&#8221;{}&#8221;][\/et_pb_contact_field][et_pb_contact_field field_id=&#8221;Email_Adresa&#8221; field_title=&#8221;Email Adresa&#8221; fullwidth_field=&#8221;on&#8221; _builder_version=&#8221;4.17.6&#8243; _module_preset=&#8221;default&#8221; custom_margin=&#8221;||37px||false|false&#8221; global_colors_info=&#8221;{}&#8221;][\/et_pb_contact_field][et_pb_contact_field field_id=&#8221;Opis&#8221; field_title=&#8221;Opis&#8221; field_type=&#8221;text&#8221; fullwidth_field=&#8221;on&#8221; _builder_version=&#8221;4.18.0&#8243; _module_preset=&#8221;default&#8221; custom_margin=&#8221;-21px||48px||false|false&#8221; global_colors_info=&#8221;{}&#8221;][\/et_pb_contact_field][\/et_pb_contact_form][\/et_pb_column][\/et_pb_row][\/et_pb_section]<\/p>\n","protected":false},"excerpt":{"rendered":"<p>ImpressumNAZIV:ADRESA:OIB:MATI\u010cNI BROJ:DIREKTOR:KONTAKT:EUDIALOG d.o.o. za uslugePlata\u010dka ulica 6, 31000 Osijek8562388017705361605Mladen Nenadi\u0107031\/200-966 | 098\/134-0882 | office[at]dialog-group.eu<div class=\"et_pb_with_border et_pb_module dsm_embed_google_map dsm_embed_google_map_0\">\n\t\t\t\t\n\t\t\t\t\n\t\t\t\t\n\t\t\t\t\n\t\t\t\t\n\t\t\t\t\n\t\t\t\t<div class=\"et_pb_module_inner\">\n\t\t\t\t\t<iframe frameborder=\"0\" scrolling=\"no\" marginheight=\"0\" marginwidth=\"0\" data-src=\"https:\/\/maps.google.com\/maps?q=%C5%A0etali%C5%A1te%20Petra%20Preradovi%C4%87a%208%2C%20Osijek&amp;t=m&amp;z=15&amp;output=embed&amp;iwloc=near&hl=en_GB\" aria-label=\"\u0160etali\u0161te Petra Preradovi\u0107a 8, Osijek\" src=\"data:image\/svg+xml;base64,PHN2ZyB3aWR0aD0iMSIgaGVpZ2h0PSIxIiB4bWxucz0iaHR0cDovL3d3dy53My5vcmcvMjAwMC9zdmciPjwvc3ZnPg==\" class=\"lazyload\" data-load-mode=\"1\"><\/iframe>\n\t\t\t\t<\/div>\n\t\t\t<\/div>Nazovite nas031\/200-966098\/134-0882Kontaktirajte s nama<\/p>\n","protected":false},"author":2,"featured_media":0,"parent":20,"menu_order":12,"comment_status":"closed","ping_status":"closed","template":"","meta":{"_et_pb_use_builder":"on","_et_pb_old_content":"<!-- wp:paragraph -->\n<p>NAZIV:\u00a0\u00a0\u00a0\u00a0\u00a0\u00a0\u00a0\u00a0\u00a0\u00a0\u00a0\u00a0\u00a0\u00a0\u00a0\u00a0\u00a0\u00a0\u00a0 EUDIALOG d.o.o. za usluge<br>ADRESA: \u00a0 \u00a0 \u00a0 \u00a0 \u00a0 \u00a0 \u00a0\u00a0 Plata\u010dka ulica 6, 31000 Osijek<br>OIB:\u00a0\u00a0\u00a0\u00a0\u00a0\u00a0\u00a0\u00a0\u00a0\u00a0\u00a0\u00a0\u00a0\u00a0\u00a0\u00a0\u00a0\u00a0\u00a0\u00a0\u00a0\u00a0\u00a0 85623880177<br>MATI\u010cNI BROJ:\u00a0\u00a0 05361605<br>DIREKTOR:\u00a0\u00a0\u00a0\u00a0\u00a0\u00a0\u00a0\u00a0\u00a0\u00a0\u00a0 Mladen Nenadi\u0107<br>KONTAKT:\u00a0\u00a0\u00a0\u00a0\u00a0\u00a0\u00a0\u00a0\u00a0\u00a0\u00a0 098\/ 134 \u2013 0882 | <a href=\"mailto:osijek@eudialog.com\">osijek@eudialog.com <\/a>| <a href=\"mailto:info@dialog-group.eu\">info<\/a>@ivan-rogic08gmail-com<\/p>\n<!-- \/wp:paragraph -->","_et_gb_content_width":"","footnotes":""},"categories":[],"tags":[],"class_list":["post-1012","page","type-page","status-publish","hentry"],"_links":{"self":[{"href":"https:\/\/dialog-group.eu\/english\/wp-json\/wp\/v2\/pages\/1012","targetHints":{"allow":["GET"]}}],"collection":[{"href":"https:\/\/dialog-group.eu\/english\/wp-json\/wp\/v2\/pages"}],"about":[{"href":"https:\/\/dialog-group.eu\/english\/wp-json\/wp\/v2\/types\/page"}],"author":[{"embeddable":true,"href":"https:\/\/dialog-group.eu\/english\/wp-json\/wp\/v2\/users\/2"}],"replies":[{"embeddable":true,"href":"https:\/\/dialog-group.eu\/english\/wp-json\/wp\/v2\/comments?post=1012"}],"version-history":[{"count":14,"href":"https:\/\/dialog-group.eu\/english\/wp-json\/wp\/v2\/pages\/1012\/revisions"}],"predecessor-version":[{"id":5061,"href":"https:\/\/dialog-group.eu\/english\/wp-json\/wp\/v2\/pages\/1012\/revisions\/5061"}],"up":[{"embeddable":true,"href":"https:\/\/dialog-group.eu\/english\/wp-json\/wp\/v2\/pages\/20"}],"wp:attachment":[{"href":"https:\/\/dialog-group.eu\/english\/wp-json\/wp\/v2\/media?parent=1012"}],"wp:term":[{"taxonomy":"category","embeddable":true,"href":"https:\/\/dialog-group.eu\/english\/wp-json\/wp\/v2\/categories?post=1012"},{"taxonomy":"post_tag","embeddable":true,"href":"https:\/\/dialog-group.eu\/english\/wp-json\/wp\/v2\/tags?post=1012"}],"curies":[{"name":"wp","href":"https:\/\/api.w.org\/{rel}","templated":true}]}}